{"id":20204,"date":"2024-09-17T13:06:58","date_gmt":"2024-09-17T12:06:58","guid":{"rendered":"https:\/\/www.sozetrap.com\/?page_id=20204"},"modified":"2025-04-21T15:49:52","modified_gmt":"2025-04-21T14:49:52","slug":"electricite","status":"publish","type":"page","link":"http:\/\/www.sozetrap.com\/index.php\/electricite\/","title":{"rendered":"\u00e9lectricit\u00e9 ADF"},"content":{"rendered":"\t\t<div data-elementor-type=\"wp-page\" data-elementor-id=\"20204\" class=\"elementor elementor-20204\">\n\t\t\t\t<div class=\"elementor-element elementor-element-67f4312c e-flex e-con-boxed e-con e-parent\" data-id=\"67f4312c\" data-element_type=\"container\">\n\t\t\t\t\t<div class=\"e-con-inner\">\n\t\t\t\t<div class=\"elementor-element elementor-element-3677799b elementor-widget elementor-widget-text-editor\" data-id=\"3677799b\" data-element_type=\"widget\" data-widget_type=\"text-editor.default\">\n\t\t\t\t<div class=\"elementor-widget-container\">\n\t\t\t<style>\/*! elementor - v3.21.0 - 30-04-2024 *\/\n.elementor-widget-text-editor.elementor-drop-cap-view-stacked .elementor-drop-cap{background-color:#69727d;color:#fff}.elementor-widget-text-editor.elementor-drop-cap-view-framed .elementor-drop-cap{color:#69727d;border:3px solid;background-color:transparent}.elementor-widget-text-editor:not(.elementor-drop-cap-view-default) .elementor-drop-cap{margin-top:8px}.elementor-widget-text-editor:not(.elementor-drop-cap-view-default) .elementor-drop-cap-letter{width:1em;height:1em}.elementor-widget-text-editor .elementor-drop-cap{float:left;text-align:center;line-height:1;font-size:50px}.elementor-widget-text-editor .elementor-drop-cap-letter{display:inline-block}<\/style>\t\t\t\t<p><b>Chez <\/b><b>Sozetrap<\/b><b>, nous <\/b><b>sommes<\/b> <b>r\u00e9solument<\/b> <b>engag\u00e9s<\/b><b> sur la <\/b><b>voie<\/b><b> de <\/b><b>l&rsquo;innovation<\/b> <b>dans<\/b><b> le <\/b><b>domaine<\/b><b> de <\/b><b>l&rsquo;\u00e9lectricit\u00e9<\/b><b> haute tension, <\/b><b>offrant<\/b><b> \u00e0 <\/b><b>nos<\/b><b> clients les technologies les plus <\/b><b>r\u00e9centes<\/b><b> pour <\/b><b>garantir<\/b> <b>une<\/b><b> protection <\/b><b>toujours<\/b> <b>adapt\u00e9e<\/b><b> \u00e0 un monde <\/b><b>en<\/b> <b>\u00e9volution<\/b><\/p>\t\t\t\t\t\t<\/div>\n\t\t\t\t<\/div>\n\t\t\t\t\t<\/div>\n\t\t\t\t<\/div>\n\t\t<div class=\"elementor-element elementor-element-c53c2cb e-flex e-con-boxed e-con e-parent\" data-id=\"c53c2cb\" data-element_type=\"container\">\n\t\t\t\t\t<div class=\"e-con-inner\">\n\t\t\t\t<div class=\"elementor-element elementor-element-59aa693 elementor-icon-list--layout-inline elementor-align-center elementor-widget__width-initial elementor-list-item-link-full_width elementor-widget elementor-widget-icon-list\" data-id=\"59aa693\" data-element_type=\"widget\" data-widget_type=\"icon-list.default\">\n\t\t\t\t<div class=\"elementor-widget-container\">\n\t\t\t<link rel=\"stylesheet\" href=\"https:\/\/www.sozetrap.com\/wp-content\/plugins\/elementor\/assets\/css\/widget-icon-list.min.css\">\t\t<ul class=\"elementor-icon-list-items elementor-inline-items\">\n\t\t\t\t\t\t\t<li class=\"elementor-icon-list-item elementor-inline-item\">\n\t\t\t\t\t\t\t\t\t\t\t<span class=\"elementor-icon-list-icon\">\n\t\t\t\t\t\t\t<svg aria-hidden=\"true\" class=\"e-font-icon-svg e-fas-hand-holding-heart\" viewBox=\"0 0 576 512\" xmlns=\"http:\/\/www.w3.org\/2000\/svg\"><path d=\"M275.3 250.5c7 7.4 18.4 7.4 25.5 0l108.9-114.2c31.6-33.2 29.8-88.2-5.6-118.8-30.8-26.7-76.7-21.9-104.9 7.7L288 36.9l-11.1-11.6C248.7-4.4 202.8-9.2 172 17.5c-35.3 30.6-37.2 85.6-5.6 118.8l108.9 114.2zm290 77.6c-11.8-10.7-30.2-10-42.6 0L430.3 402c-11.3 9.1-25.4 14-40 14H272c-8.8 0-16-7.2-16-16s7.2-16 16-16h78.3c15.9 0 30.7-10.9 33.3-26.6 3.3-20-12.1-37.4-31.6-37.4H192c-27 0-53.1 9.3-74.1 26.3L71.4 384H16c-8.8 0-16 7.2-16 16v96c0 8.8 7.2 16 16 16h356.8c14.5 0 28.6-4.9 40-14L564 377c15.2-12.1 16.4-35.3 1.3-48.9z\"><\/path><\/svg>\t\t\t\t\t\t<\/span>\n\t\t\t\t\t\t\t\t\t\t<span class=\"elementor-icon-list-text\">Voir nos r\u00e9alisations \u200b<\/span>\n\t\t\t\t\t\t\t\t\t<\/li>\n\t\t\t\t\t\t<\/ul>\n\t\t\t\t<\/div>\n\t\t\t\t<\/div>\n\t\t<div class=\"elementor-element elementor-element-89ba55d e-con-full e-flex e-con e-child\" data-id=\"89ba55d\" data-element_type=\"container\">\n\t\t\t\t<div class=\"elementor-element elementor-element-406677a elementor-position-top elementor-widget elementor-widget-image-box\" data-id=\"406677a\" data-element_type=\"widget\" data-widget_type=\"image-box.default\">\n\t\t\t\t<div class=\"elementor-widget-container\">\n\t\t\t<style>\/*! elementor - v3.21.0 - 30-04-2024 *\/\n.elementor-widget-image-box .elementor-image-box-content{width:100%}@media (min-width:768px){.elementor-widget-image-box.elementor-position-left .elementor-image-box-wrapper,.elementor-widget-image-box.elementor-position-right .elementor-image-box-wrapper{display:flex}.elementor-widget-image-box.elementor-position-right .elementor-image-box-wrapper{text-align:end;flex-direction:row-reverse}.elementor-widget-image-box.elementor-position-left .elementor-image-box-wrapper{text-align:start;flex-direction:row}.elementor-widget-image-box.elementor-position-top .elementor-image-box-img{margin:auto}.elementor-widget-image-box.elementor-vertical-align-top .elementor-image-box-wrapper{align-items:flex-start}.elementor-widget-image-box.elementor-vertical-align-middle .elementor-image-box-wrapper{align-items:center}.elementor-widget-image-box.elementor-vertical-align-bottom .elementor-image-box-wrapper{align-items:flex-end}}@media (max-width:767px){.elementor-widget-image-box .elementor-image-box-img{margin-left:auto!important;margin-right:auto!important;margin-bottom:15px}}.elementor-widget-image-box .elementor-image-box-img{display:inline-block}.elementor-widget-image-box .elementor-image-box-title a{color:inherit}.elementor-widget-image-box .elementor-image-box-wrapper{text-align:center}.elementor-widget-image-box .elementor-image-box-description{margin:0}<\/style><div class=\"elementor-image-box-wrapper\"><figure class=\"elementor-image-box-img\"><img fetchpriority=\"high\" decoding=\"async\" width=\"250\" height=\"356\" src=\"http:\/\/www.sozetrap.com\/wp-content\/uploads\/2018\/08\/Capture1.png\" class=\"attachment-full size-full wp-image-21089\" alt=\"\" srcset=\"http:\/\/www.sozetrap.com\/wp-content\/uploads\/2018\/08\/Capture1.png 250w, http:\/\/www.sozetrap.com\/wp-content\/uploads\/2018\/08\/Capture1-211x300.png 211w, http:\/\/www.sozetrap.com\/wp-content\/uploads\/2018\/08\/Capture1-49x70.png 49w\" sizes=\"(max-width: 250px) 100vw, 250px\" \/><\/figure><div class=\"elementor-image-box-content\"><h3 class=\"elementor-image-box-title\">Installations \u00e9lectriques <\/h3><p class=\"elementor-image-box-description\">Sozetrap a particip\u00e9 \u00e0 plusieurs projets de grande envergure en Tunisie, dans les secteurs de l\u2019\u00e9nergie, des    infrastructures, et de la construction.\nCes projets incluent la cr\u00e9ation et l'entretien de r\u00e9seaux \u00e9lectriques pour des zones industrielles, des centres urbains et des zones rurales, ainsi que des partenariats avec des acteurs nationaux et internationaux dans le domaine de l'\u00e9nergie.\n<\/p><\/div><\/div>\t\t<\/div>\n\t\t\t\t<\/div>\n\t\t\t\t<\/div>\n\t\t\t\t\t<\/div>\n\t\t\t\t<\/div>\n\t\t\t\t<\/div>\n\t\t","protected":false},"excerpt":{"rendered":"<p>Chez Sozetrap, nous sommes r\u00e9solument engag\u00e9s sur la voie de l&rsquo;innovation dans le domaine de l&rsquo;\u00e9lectricit\u00e9 haute tension, offrant \u00e0 nos clients les technologies les plus r\u00e9centes pour garantir une protection toujours adapt\u00e9e \u00e0 un monde en \u00e9volution Voir nos r\u00e9alisations \u200b Installations \u00e9lectriques Sozetrap a particip\u00e9 \u00e0 plusieurs projets de grande envergure en Tunisie, [&hellip;]<\/p>\n","protected":false},"author":1,"featured_media":0,"parent":0,"menu_order":0,"comment_status":"closed","ping_status":"closed","template":"","meta":{"footnotes":""},"class_list":["post-20204","page","type-page","status-publish","hentry"],"yoast_head":"<!-- This site is optimized with the Yoast SEO plugin v24.4 - https:\/\/yoast.com\/wordpress\/plugins\/seo\/ -->\n<title>\u00e9lectricit\u00e9 ADF - sozetrap<\/title>\n<meta name=\"robots\" content=\"index, follow, max-snippet:-1, max-image-preview:large, max-video-preview:-1\" \/>\n<link rel=\"canonical\" href=\"http:\/\/www.sozetrap.com\/index.php\/electricite\/\" \/>\n<meta property=\"og:locale\" content=\"fr_FR\" \/>\n<meta property=\"og:type\" content=\"article\" \/>\n<meta property=\"og:title\" content=\"\u00e9lectricit\u00e9 ADF - sozetrap\" \/>\n<meta property=\"og:description\" content=\"Chez Sozetrap, nous sommes r\u00e9solument engag\u00e9s sur la voie de l&rsquo;innovation dans le domaine de l&rsquo;\u00e9lectricit\u00e9 haute tension, offrant \u00e0 nos clients les technologies les plus r\u00e9centes pour garantir une protection toujours adapt\u00e9e \u00e0 un monde en \u00e9volution Voir nos r\u00e9alisations \u200b Installations \u00e9lectriques Sozetrap a particip\u00e9 \u00e0 plusieurs projets de grande envergure en Tunisie, [&hellip;]\" \/>\n<meta property=\"og:url\" content=\"http:\/\/www.sozetrap.com\/index.php\/electricite\/\" \/>\n<meta property=\"og:site_name\" content=\"sozetrap\" \/>\n<meta property=\"article:publisher\" content=\"https:\/\/www.facebook.com\/sozetrap.sozetrap.560\/\" \/>\n<meta property=\"article:modified_time\" content=\"2025-04-21T14:49:52+00:00\" \/>\n<meta property=\"og:image\" content=\"http:\/\/www.sozetrap.com\/wp-content\/uploads\/2018\/08\/Capture1.png\" \/>\n<meta name=\"twitter:card\" content=\"summary_large_image\" \/>\n<meta name=\"twitter:label1\" content=\"Dur\u00e9e de lecture estim\u00e9e\" \/>\n\t<meta name=\"twitter:data1\" content=\"1 minute\" \/>\n<script type=\"application\/ld+json\" class=\"yoast-schema-graph\">{\"@context\":\"https:\/\/schema.org\",\"@graph\":[{\"@type\":\"WebPage\",\"@id\":\"http:\/\/www.sozetrap.com\/index.php\/electricite\/\",\"url\":\"http:\/\/www.sozetrap.com\/index.php\/electricite\/\",\"name\":\"\u00e9lectricit\u00e9 ADF - sozetrap\",\"isPartOf\":{\"@id\":\"http:\/\/www.sozetrap.com\/#website\"},\"primaryImageOfPage\":{\"@id\":\"http:\/\/www.sozetrap.com\/index.php\/electricite\/#primaryimage\"},\"image\":{\"@id\":\"http:\/\/www.sozetrap.com\/index.php\/electricite\/#primaryimage\"},\"thumbnailUrl\":\"http:\/\/www.sozetrap.com\/wp-content\/uploads\/2018\/08\/Capture1.png\",\"datePublished\":\"2024-09-17T12:06:58+00:00\",\"dateModified\":\"2025-04-21T14:49:52+00:00\",\"breadcrumb\":{\"@id\":\"http:\/\/www.sozetrap.com\/index.php\/electricite\/#breadcrumb\"},\"inLanguage\":\"fr-FR\",\"potentialAction\":[{\"@type\":\"ReadAction\",\"target\":[\"http:\/\/www.sozetrap.com\/index.php\/electricite\/\"]}]},{\"@type\":\"ImageObject\",\"inLanguage\":\"fr-FR\",\"@id\":\"http:\/\/www.sozetrap.com\/index.php\/electricite\/#primaryimage\",\"url\":\"http:\/\/www.sozetrap.com\/wp-content\/uploads\/2018\/08\/Capture1.png\",\"contentUrl\":\"http:\/\/www.sozetrap.com\/wp-content\/uploads\/2018\/08\/Capture1.png\",\"width\":250,\"height\":356},{\"@type\":\"BreadcrumbList\",\"@id\":\"http:\/\/www.sozetrap.com\/index.php\/electricite\/#breadcrumb\",\"itemListElement\":[{\"@type\":\"ListItem\",\"position\":1,\"name\":\"Accueil\",\"item\":\"http:\/\/www.sozetrap.com\/\"},{\"@type\":\"ListItem\",\"position\":2,\"name\":\"\u00e9lectricit\u00e9 ADF\"}]},{\"@type\":\"WebSite\",\"@id\":\"http:\/\/www.sozetrap.com\/#website\",\"url\":\"http:\/\/www.sozetrap.com\/\",\"name\":\"sozetrap\",\"description\":\"Travaillons ensemble pour votre s\u00e9curit\u00e9\",\"publisher\":{\"@id\":\"http:\/\/www.sozetrap.com\/#organization\"},\"potentialAction\":[{\"@type\":\"SearchAction\",\"target\":{\"@type\":\"EntryPoint\",\"urlTemplate\":\"http:\/\/www.sozetrap.com\/?s={search_term_string}\"},\"query-input\":{\"@type\":\"PropertyValueSpecification\",\"valueRequired\":true,\"valueName\":\"search_term_string\"}}],\"inLanguage\":\"fr-FR\"},{\"@type\":\"Organization\",\"@id\":\"http:\/\/www.sozetrap.com\/#organization\",\"name\":\"sozetrap\",\"url\":\"http:\/\/www.sozetrap.com\/\",\"logo\":{\"@type\":\"ImageObject\",\"inLanguage\":\"fr-FR\",\"@id\":\"http:\/\/www.sozetrap.com\/#\/schema\/logo\/image\/\",\"url\":\"http:\/\/www.sozetrap.com\/wp-content\/uploads\/2024\/05\/logo-papier-entete-2024.jpg\",\"contentUrl\":\"http:\/\/www.sozetrap.com\/wp-content\/uploads\/2024\/05\/logo-papier-entete-2024.jpg\",\"width\":316,\"height\":263,\"caption\":\"sozetrap\"},\"image\":{\"@id\":\"http:\/\/www.sozetrap.com\/#\/schema\/logo\/image\/\"},\"sameAs\":[\"https:\/\/www.facebook.com\/sozetrap.sozetrap.560\/\"]}]}<\/script>\n<!-- \/ Yoast SEO plugin. -->","yoast_head_json":{"title":"\u00e9lectricit\u00e9 ADF - sozetrap","robots":{"index":"index","follow":"follow","max-snippet":"max-snippet:-1","max-image-preview":"max-image-preview:large","max-video-preview":"max-video-preview:-1"},"canonical":"http:\/\/www.sozetrap.com\/index.php\/electricite\/","og_locale":"fr_FR","og_type":"article","og_title":"\u00e9lectricit\u00e9 ADF - sozetrap","og_description":"Chez Sozetrap, nous sommes r\u00e9solument engag\u00e9s sur la voie de l&rsquo;innovation dans le domaine de l&rsquo;\u00e9lectricit\u00e9 haute tension, offrant \u00e0 nos clients les technologies les plus r\u00e9centes pour garantir une protection toujours adapt\u00e9e \u00e0 un monde en \u00e9volution Voir nos r\u00e9alisations \u200b Installations \u00e9lectriques Sozetrap a particip\u00e9 \u00e0 plusieurs projets de grande envergure en Tunisie, [&hellip;]","og_url":"http:\/\/www.sozetrap.com\/index.php\/electricite\/","og_site_name":"sozetrap","article_publisher":"https:\/\/www.facebook.com\/sozetrap.sozetrap.560\/","article_modified_time":"2025-04-21T14:49:52+00:00","og_image":[{"url":"http:\/\/www.sozetrap.com\/wp-content\/uploads\/2018\/08\/Capture1.png","type":"","width":"","height":""}],"twitter_card":"summary_large_image","twitter_misc":{"Dur\u00e9e de lecture estim\u00e9e":"1 minute"},"schema":{"@context":"https:\/\/schema.org","@graph":[{"@type":"WebPage","@id":"http:\/\/www.sozetrap.com\/index.php\/electricite\/","url":"http:\/\/www.sozetrap.com\/index.php\/electricite\/","name":"\u00e9lectricit\u00e9 ADF - sozetrap","isPartOf":{"@id":"http:\/\/www.sozetrap.com\/#website"},"primaryImageOfPage":{"@id":"http:\/\/www.sozetrap.com\/index.php\/electricite\/#primaryimage"},"image":{"@id":"http:\/\/www.sozetrap.com\/index.php\/electricite\/#primaryimage"},"thumbnailUrl":"http:\/\/www.sozetrap.com\/wp-content\/uploads\/2018\/08\/Capture1.png","datePublished":"2024-09-17T12:06:58+00:00","dateModified":"2025-04-21T14:49:52+00:00","breadcrumb":{"@id":"http:\/\/www.sozetrap.com\/index.php\/electricite\/#breadcrumb"},"inLanguage":"fr-FR","potentialAction":[{"@type":"ReadAction","target":["http:\/\/www.sozetrap.com\/index.php\/electricite\/"]}]},{"@type":"ImageObject","inLanguage":"fr-FR","@id":"http:\/\/www.sozetrap.com\/index.php\/electricite\/#primaryimage","url":"http:\/\/www.sozetrap.com\/wp-content\/uploads\/2018\/08\/Capture1.png","contentUrl":"http:\/\/www.sozetrap.com\/wp-content\/uploads\/2018\/08\/Capture1.png","width":250,"height":356},{"@type":"BreadcrumbList","@id":"http:\/\/www.sozetrap.com\/index.php\/electricite\/#breadcrumb","itemListElement":[{"@type":"ListItem","position":1,"name":"Accueil","item":"http:\/\/www.sozetrap.com\/"},{"@type":"ListItem","position":2,"name":"\u00e9lectricit\u00e9 ADF"}]},{"@type":"WebSite","@id":"http:\/\/www.sozetrap.com\/#website","url":"http:\/\/www.sozetrap.com\/","name":"sozetrap","description":"Travaillons ensemble pour votre s\u00e9curit\u00e9","publisher":{"@id":"http:\/\/www.sozetrap.com\/#organization"},"potentialAction":[{"@type":"SearchAction","target":{"@type":"EntryPoint","urlTemplate":"http:\/\/www.sozetrap.com\/?s={search_term_string}"},"query-input":{"@type":"PropertyValueSpecification","valueRequired":true,"valueName":"search_term_string"}}],"inLanguage":"fr-FR"},{"@type":"Organization","@id":"http:\/\/www.sozetrap.com\/#organization","name":"sozetrap","url":"http:\/\/www.sozetrap.com\/","logo":{"@type":"ImageObject","inLanguage":"fr-FR","@id":"http:\/\/www.sozetrap.com\/#\/schema\/logo\/image\/","url":"http:\/\/www.sozetrap.com\/wp-content\/uploads\/2024\/05\/logo-papier-entete-2024.jpg","contentUrl":"http:\/\/www.sozetrap.com\/wp-content\/uploads\/2024\/05\/logo-papier-entete-2024.jpg","width":316,"height":263,"caption":"sozetrap"},"image":{"@id":"http:\/\/www.sozetrap.com\/#\/schema\/logo\/image\/"},"sameAs":["https:\/\/www.facebook.com\/sozetrap.sozetrap.560\/"]}]}},"jetpack_sharing_enabled":true,"_links":{"self":[{"href":"http:\/\/www.sozetrap.com\/index.php\/wp-json\/wp\/v2\/pages\/20204","targetHints":{"allow":["GET"]}}],"collection":[{"href":"http:\/\/www.sozetrap.com\/index.php\/wp-json\/wp\/v2\/pages"}],"about":[{"href":"http:\/\/www.sozetrap.com\/index.php\/wp-json\/wp\/v2\/types\/page"}],"author":[{"embeddable":true,"href":"http:\/\/www.sozetrap.com\/index.php\/wp-json\/wp\/v2\/users\/1"}],"replies":[{"embeddable":true,"href":"http:\/\/www.sozetrap.com\/index.php\/wp-json\/wp\/v2\/comments?post=20204"}],"version-history":[{"count":1,"href":"http:\/\/www.sozetrap.com\/index.php\/wp-json\/wp\/v2\/pages\/20204\/revisions"}],"predecessor-version":[{"id":21450,"href":"http:\/\/www.sozetrap.com\/index.php\/wp-json\/wp\/v2\/pages\/20204\/revisions\/21450"}],"wp:attachment":[{"href":"http:\/\/www.sozetrap.com\/index.php\/wp-json\/wp\/v2\/media?parent=20204"}],"curies":[{"name":"wp","href":"https:\/\/api.w.org\/{rel}","templated":true}]}}