{"id":20820,"date":"2024-11-02T12:16:19","date_gmt":"2024-11-02T11:16:19","guid":{"rendered":"https:\/\/www.sozetrap.com\/?post_type=product&#038;p=20820"},"modified":"2024-11-02T12:18:45","modified_gmt":"2024-11-02T11:18:45","slug":"dgs-105","status":"publish","type":"product","link":"http:\/\/www.sozetrap.com\/index.php\/product\/dgs-105\/","title":{"rendered":"DGS-105"},"content":{"rendered":"","protected":false},"excerpt":{"rendered":"<p>D-Link DGS-105 Switch 5 Ports Gigabit Metallique 10\/100\/1000mbps &#8211; Id\u00e9al Partage de Connexion et Mise en R\u00e9seau Small\/Home Office<\/p>\n<p>Marque\tD-Link<br \/>\nNombre de ports\t5<br \/>\nComposants inclus\tDGS-105<br \/>\nCouleur\tNoir<br \/>\nAppareils compatibles\tOrdinateur<br \/>\nType d&rsquo;interrupteur\tSwitch<br \/>\nDimensions du produit\t10L x 9,8l x 2,8H centim\u00e8tres<br \/>\nPlateforme\tToutes plates-formes, Android<br \/>\nTension\t220 Volts<br \/>\nType de mat\u00e9riau du bo\u00eetier\tM\u00e9tal<\/p>\n","protected":false},"featured_media":20822,"comment_status":"open","ping_status":"closed","template":"","meta":[],"product_cat":[67],"product_tag":[],"class_list":{"0":"post-20820","1":"product","2":"type-product","3":"status-publish","4":"has-post-thumbnail","6":"product_cat-reseaux","8":"first","9":"instock","10":"shipping-taxable","11":"product-type-simple"},"yoast_head":"<!-- This site is optimized with the Yoast SEO plugin v24.4 - https:\/\/yoast.com\/wordpress\/plugins\/seo\/ -->\n<title>DGS-105 - sozetrap<\/title>\n<meta name=\"robots\" content=\"index, follow, max-snippet:-1, max-image-preview:large, max-video-preview:-1\" \/>\n<link rel=\"canonical\" href=\"http:\/\/www.sozetrap.com\/index.php\/product\/dgs-105\/\" \/>\n<meta property=\"og:locale\" content=\"fr_FR\" \/>\n<meta property=\"og:type\" content=\"article\" \/>\n<meta property=\"og:title\" content=\"DGS-105 - sozetrap\" \/>\n<meta property=\"og:description\" content=\"D-Link DGS-105 Switch 5 Ports Gigabit Metallique 10\/100\/1000mbps - Id\u00e9al Partage de Connexion et Mise en R\u00e9seau Small\/Home Office  Marque D-Link Nombre de ports 5 Composants inclus DGS-105 Couleur Noir Appareils compatibles Ordinateur Type d&#039;interrupteur Switch Dimensions du produit 10L x 9,8l x 2,8H centim\u00e8tres Plateforme Toutes plates-formes, Android Tension 220 Volts Type de mat\u00e9riau du bo\u00eetier M\u00e9tal\" \/>\n<meta property=\"og:url\" content=\"http:\/\/www.sozetrap.com\/index.php\/product\/dgs-105\/\" \/>\n<meta property=\"og:site_name\" content=\"sozetrap\" \/>\n<meta property=\"article:publisher\" content=\"https:\/\/www.facebook.com\/sozetrap.sozetrap.560\/\" \/>\n<meta property=\"article:modified_time\" content=\"2024-11-02T11:18:45+00:00\" \/>\n<meta property=\"og:image\" content=\"http:\/\/www.sozetrap.com\/wp-content\/uploads\/2024\/11\/DGS-105.jpg\" \/>\n\t<meta property=\"og:image:width\" content=\"355\" \/>\n\t<meta property=\"og:image:height\" content=\"208\" \/>\n\t<meta property=\"og:image:type\" content=\"image\/jpeg\" \/>\n<meta name=\"twitter:card\" content=\"summary_large_image\" \/>\n<script type=\"application\/ld+json\" class=\"yoast-schema-graph\">{\"@context\":\"https:\/\/schema.org\",\"@graph\":[{\"@type\":\"WebPage\",\"@id\":\"http:\/\/www.sozetrap.com\/index.php\/product\/dgs-105\/\",\"url\":\"http:\/\/www.sozetrap.com\/index.php\/product\/dgs-105\/\",\"name\":\"DGS-105 - sozetrap\",\"isPartOf\":{\"@id\":\"http:\/\/www.sozetrap.com\/#website\"},\"primaryImageOfPage\":{\"@id\":\"http:\/\/www.sozetrap.com\/index.php\/product\/dgs-105\/#primaryimage\"},\"image\":{\"@id\":\"http:\/\/www.sozetrap.com\/index.php\/product\/dgs-105\/#primaryimage\"},\"thumbnailUrl\":\"http:\/\/www.sozetrap.com\/wp-content\/uploads\/2024\/11\/DGS-105.jpg\",\"datePublished\":\"2024-11-02T11:16:19+00:00\",\"dateModified\":\"2024-11-02T11:18:45+00:00\",\"breadcrumb\":{\"@id\":\"http:\/\/www.sozetrap.com\/index.php\/product\/dgs-105\/#breadcrumb\"},\"inLanguage\":\"fr-FR\",\"potentialAction\":[{\"@type\":\"ReadAction\",\"target\":[\"http:\/\/www.sozetrap.com\/index.php\/product\/dgs-105\/\"]}]},{\"@type\":\"ImageObject\",\"inLanguage\":\"fr-FR\",\"@id\":\"http:\/\/www.sozetrap.com\/index.php\/product\/dgs-105\/#primaryimage\",\"url\":\"http:\/\/www.sozetrap.com\/wp-content\/uploads\/2024\/11\/DGS-105.jpg\",\"contentUrl\":\"http:\/\/www.sozetrap.com\/wp-content\/uploads\/2024\/11\/DGS-105.jpg\",\"width\":355,\"height\":208},{\"@type\":\"BreadcrumbList\",\"@id\":\"http:\/\/www.sozetrap.com\/index.php\/product\/dgs-105\/#breadcrumb\",\"itemListElement\":[{\"@type\":\"ListItem\",\"position\":1,\"name\":\"Accueil\",\"item\":\"http:\/\/www.sozetrap.com\/\"},{\"@type\":\"ListItem\",\"position\":2,\"name\":\"Produits\",\"item\":\"http:\/\/www.sozetrap.com\/index.php\/produits\/\"},{\"@type\":\"ListItem\",\"position\":3,\"name\":\"DGS-105\"}]},{\"@type\":\"WebSite\",\"@id\":\"http:\/\/www.sozetrap.com\/#website\",\"url\":\"http:\/\/www.sozetrap.com\/\",\"name\":\"sozetrap\",\"description\":\"Travaillons ensemble pour votre s\u00e9curit\u00e9\",\"publisher\":{\"@id\":\"http:\/\/www.sozetrap.com\/#organization\"},\"potentialAction\":[{\"@type\":\"SearchAction\",\"target\":{\"@type\":\"EntryPoint\",\"urlTemplate\":\"http:\/\/www.sozetrap.com\/?s={search_term_string}\"},\"query-input\":{\"@type\":\"PropertyValueSpecification\",\"valueRequired\":true,\"valueName\":\"search_term_string\"}}],\"inLanguage\":\"fr-FR\"},{\"@type\":\"Organization\",\"@id\":\"http:\/\/www.sozetrap.com\/#organization\",\"name\":\"sozetrap\",\"url\":\"http:\/\/www.sozetrap.com\/\",\"logo\":{\"@type\":\"ImageObject\",\"inLanguage\":\"fr-FR\",\"@id\":\"http:\/\/www.sozetrap.com\/#\/schema\/logo\/image\/\",\"url\":\"http:\/\/www.sozetrap.com\/wp-content\/uploads\/2024\/05\/logo-papier-entete-2024.jpg\",\"contentUrl\":\"http:\/\/www.sozetrap.com\/wp-content\/uploads\/2024\/05\/logo-papier-entete-2024.jpg\",\"width\":316,\"height\":263,\"caption\":\"sozetrap\"},\"image\":{\"@id\":\"http:\/\/www.sozetrap.com\/#\/schema\/logo\/image\/\"},\"sameAs\":[\"https:\/\/www.facebook.com\/sozetrap.sozetrap.560\/\"]}]}<\/script>\n<!-- \/ Yoast SEO plugin. -->","yoast_head_json":{"title":"DGS-105 - sozetrap","robots":{"index":"index","follow":"follow","max-snippet":"max-snippet:-1","max-image-preview":"max-image-preview:large","max-video-preview":"max-video-preview:-1"},"canonical":"http:\/\/www.sozetrap.com\/index.php\/product\/dgs-105\/","og_locale":"fr_FR","og_type":"article","og_title":"DGS-105 - sozetrap","og_description":"D-Link DGS-105 Switch 5 Ports Gigabit Metallique 10\/100\/1000mbps - Id\u00e9al Partage de Connexion et Mise en R\u00e9seau Small\/Home Office  Marque D-Link Nombre de ports 5 Composants inclus DGS-105 Couleur Noir Appareils compatibles Ordinateur Type d'interrupteur Switch Dimensions du produit 10L x 9,8l x 2,8H centim\u00e8tres Plateforme Toutes plates-formes, Android Tension 220 Volts Type de mat\u00e9riau du bo\u00eetier M\u00e9tal","og_url":"http:\/\/www.sozetrap.com\/index.php\/product\/dgs-105\/","og_site_name":"sozetrap","article_publisher":"https:\/\/www.facebook.com\/sozetrap.sozetrap.560\/","article_modified_time":"2024-11-02T11:18:45+00:00","og_image":[{"width":355,"height":208,"url":"http:\/\/www.sozetrap.com\/wp-content\/uploads\/2024\/11\/DGS-105.jpg","type":"image\/jpeg"}],"twitter_card":"summary_large_image","schema":{"@context":"https:\/\/schema.org","@graph":[{"@type":"WebPage","@id":"http:\/\/www.sozetrap.com\/index.php\/product\/dgs-105\/","url":"http:\/\/www.sozetrap.com\/index.php\/product\/dgs-105\/","name":"DGS-105 - sozetrap","isPartOf":{"@id":"http:\/\/www.sozetrap.com\/#website"},"primaryImageOfPage":{"@id":"http:\/\/www.sozetrap.com\/index.php\/product\/dgs-105\/#primaryimage"},"image":{"@id":"http:\/\/www.sozetrap.com\/index.php\/product\/dgs-105\/#primaryimage"},"thumbnailUrl":"http:\/\/www.sozetrap.com\/wp-content\/uploads\/2024\/11\/DGS-105.jpg","datePublished":"2024-11-02T11:16:19+00:00","dateModified":"2024-11-02T11:18:45+00:00","breadcrumb":{"@id":"http:\/\/www.sozetrap.com\/index.php\/product\/dgs-105\/#breadcrumb"},"inLanguage":"fr-FR","potentialAction":[{"@type":"ReadAction","target":["http:\/\/www.sozetrap.com\/index.php\/product\/dgs-105\/"]}]},{"@type":"ImageObject","inLanguage":"fr-FR","@id":"http:\/\/www.sozetrap.com\/index.php\/product\/dgs-105\/#primaryimage","url":"http:\/\/www.sozetrap.com\/wp-content\/uploads\/2024\/11\/DGS-105.jpg","contentUrl":"http:\/\/www.sozetrap.com\/wp-content\/uploads\/2024\/11\/DGS-105.jpg","width":355,"height":208},{"@type":"BreadcrumbList","@id":"http:\/\/www.sozetrap.com\/index.php\/product\/dgs-105\/#breadcrumb","itemListElement":[{"@type":"ListItem","position":1,"name":"Accueil","item":"http:\/\/www.sozetrap.com\/"},{"@type":"ListItem","position":2,"name":"Produits","item":"http:\/\/www.sozetrap.com\/index.php\/produits\/"},{"@type":"ListItem","position":3,"name":"DGS-105"}]},{"@type":"WebSite","@id":"http:\/\/www.sozetrap.com\/#website","url":"http:\/\/www.sozetrap.com\/","name":"sozetrap","description":"Travaillons ensemble pour votre s\u00e9curit\u00e9","publisher":{"@id":"http:\/\/www.sozetrap.com\/#organization"},"potentialAction":[{"@type":"SearchAction","target":{"@type":"EntryPoint","urlTemplate":"http:\/\/www.sozetrap.com\/?s={search_term_string}"},"query-input":{"@type":"PropertyValueSpecification","valueRequired":true,"valueName":"search_term_string"}}],"inLanguage":"fr-FR"},{"@type":"Organization","@id":"http:\/\/www.sozetrap.com\/#organization","name":"sozetrap","url":"http:\/\/www.sozetrap.com\/","logo":{"@type":"ImageObject","inLanguage":"fr-FR","@id":"http:\/\/www.sozetrap.com\/#\/schema\/logo\/image\/","url":"http:\/\/www.sozetrap.com\/wp-content\/uploads\/2024\/05\/logo-papier-entete-2024.jpg","contentUrl":"http:\/\/www.sozetrap.com\/wp-content\/uploads\/2024\/05\/logo-papier-entete-2024.jpg","width":316,"height":263,"caption":"sozetrap"},"image":{"@id":"http:\/\/www.sozetrap.com\/#\/schema\/logo\/image\/"},"sameAs":["https:\/\/www.facebook.com\/sozetrap.sozetrap.560\/"]}]}},"jetpack_sharing_enabled":true,"_links":{"self":[{"href":"http:\/\/www.sozetrap.com\/index.php\/wp-json\/wp\/v2\/product\/20820","targetHints":{"allow":["GET"]}}],"collection":[{"href":"http:\/\/www.sozetrap.com\/index.php\/wp-json\/wp\/v2\/product"}],"about":[{"href":"http:\/\/www.sozetrap.com\/index.php\/wp-json\/wp\/v2\/types\/product"}],"replies":[{"embeddable":true,"href":"http:\/\/www.sozetrap.com\/index.php\/wp-json\/wp\/v2\/comments?post=20820"}],"wp:featuredmedia":[{"embeddable":true,"href":"http:\/\/www.sozetrap.com\/index.php\/wp-json\/wp\/v2\/media\/20822"}],"wp:attachment":[{"href":"http:\/\/www.sozetrap.com\/index.php\/wp-json\/wp\/v2\/media?parent=20820"}],"wp:term":[{"taxonomy":"product_cat","embeddable":true,"href":"http:\/\/www.sozetrap.com\/index.php\/wp-json\/wp\/v2\/product_cat?post=20820"},{"taxonomy":"product_tag","embeddable":true,"href":"http:\/\/www.sozetrap.com\/index.php\/wp-json\/wp\/v2\/product_tag?post=20820"}],"curies":[{"name":"wp","href":"https:\/\/api.w.org\/{rel}","templated":true}]}}