{"id":20843,"date":"2024-11-02T12:55:02","date_gmt":"2024-11-02T11:55:02","guid":{"rendered":"https:\/\/www.sozetrap.com\/?post_type=product&#038;p=20843"},"modified":"2024-11-02T12:55:03","modified_gmt":"2024-11-02T11:55:03","slug":"dss-100e","status":"publish","type":"product","link":"http:\/\/www.sozetrap.com\/index.php\/product\/dss-100e\/","title":{"rendered":"DSS-100E"},"content":{"rendered":"","protected":false},"excerpt":{"rendered":"<p>Switches non administrables PoE longue distance pour vid\u00e9osurveillance<br \/>\nDSS-100E Series<br \/>\nJusqu\u2019\u00e0 250 m de transmission de donn\u00e9es et de puissance<br \/>\nBudget PoE+ jusqu\u2019\u00e0 92 W<br \/>\nx8 ports PoE Fast Ethernet<br \/>\nSimplicit\u00e9 Plug &#038; Play pour une installation facile<br \/>\n<a href=\"http:\/\/www.sozetrap.com\/wp-content\/uploads\/2024\/11\/DSS_100E_Series_Datasheet_FR.pdf\"><br \/>\nT\u00e9l\u00e9charger la fiche technique<\/a><\/p>\n","protected":false},"featured_media":20845,"comment_status":"open","ping_status":"closed","template":"","meta":[],"product_cat":[61],"product_tag":[],"class_list":{"0":"post-20843","1":"product","2":"type-product","3":"status-publish","4":"has-post-thumbnail","6":"product_cat-security-cameras","8":"first","9":"instock","10":"shipping-taxable","11":"product-type-simple"},"yoast_head":"<!-- This site is optimized with the Yoast SEO plugin v24.4 - https:\/\/yoast.com\/wordpress\/plugins\/seo\/ -->\n<title>DSS-100E - sozetrap<\/title>\n<meta name=\"robots\" content=\"index, follow, max-snippet:-1, max-image-preview:large, max-video-preview:-1\" \/>\n<link rel=\"canonical\" href=\"http:\/\/www.sozetrap.com\/index.php\/product\/dss-100e\/\" \/>\n<meta property=\"og:locale\" content=\"fr_FR\" \/>\n<meta property=\"og:type\" content=\"article\" \/>\n<meta property=\"og:title\" content=\"DSS-100E - sozetrap\" \/>\n<meta property=\"og:description\" content=\"Switches non administrables PoE longue distance pour vid\u00e9osurveillance DSS-100E Series Jusqu\u2019\u00e0 250 m de transmission de donn\u00e9es et de puissance Budget PoE+ jusqu\u2019\u00e0 92 W x8 ports PoE Fast Ethernet Simplicit\u00e9 Plug &amp; Play pour une installation facile  T\u00e9l\u00e9charger la fiche technique\" \/>\n<meta property=\"og:url\" content=\"http:\/\/www.sozetrap.com\/index.php\/product\/dss-100e\/\" \/>\n<meta property=\"og:site_name\" content=\"sozetrap\" \/>\n<meta property=\"article:publisher\" content=\"https:\/\/www.facebook.com\/sozetrap.sozetrap.560\/\" \/>\n<meta property=\"article:modified_time\" content=\"2024-11-02T11:55:03+00:00\" \/>\n<meta property=\"og:image\" content=\"http:\/\/www.sozetrap.com\/wp-content\/uploads\/2024\/11\/DSS_100E_9P_A1_LFront.png\" \/>\n\t<meta property=\"og:image:width\" content=\"686\" \/>\n\t<meta property=\"og:image:height\" content=\"271\" \/>\n\t<meta property=\"og:image:type\" content=\"image\/png\" \/>\n<meta name=\"twitter:card\" content=\"summary_large_image\" \/>\n<script type=\"application\/ld+json\" class=\"yoast-schema-graph\">{\"@context\":\"https:\/\/schema.org\",\"@graph\":[{\"@type\":\"WebPage\",\"@id\":\"http:\/\/www.sozetrap.com\/index.php\/product\/dss-100e\/\",\"url\":\"http:\/\/www.sozetrap.com\/index.php\/product\/dss-100e\/\",\"name\":\"DSS-100E - sozetrap\",\"isPartOf\":{\"@id\":\"http:\/\/www.sozetrap.com\/#website\"},\"primaryImageOfPage\":{\"@id\":\"http:\/\/www.sozetrap.com\/index.php\/product\/dss-100e\/#primaryimage\"},\"image\":{\"@id\":\"http:\/\/www.sozetrap.com\/index.php\/product\/dss-100e\/#primaryimage\"},\"thumbnailUrl\":\"http:\/\/www.sozetrap.com\/wp-content\/uploads\/2024\/11\/DSS_100E_9P_A1_LFront.png\",\"datePublished\":\"2024-11-02T11:55:02+00:00\",\"dateModified\":\"2024-11-02T11:55:03+00:00\",\"breadcrumb\":{\"@id\":\"http:\/\/www.sozetrap.com\/index.php\/product\/dss-100e\/#breadcrumb\"},\"inLanguage\":\"fr-FR\",\"potentialAction\":[{\"@type\":\"ReadAction\",\"target\":[\"http:\/\/www.sozetrap.com\/index.php\/product\/dss-100e\/\"]}]},{\"@type\":\"ImageObject\",\"inLanguage\":\"fr-FR\",\"@id\":\"http:\/\/www.sozetrap.com\/index.php\/product\/dss-100e\/#primaryimage\",\"url\":\"http:\/\/www.sozetrap.com\/wp-content\/uploads\/2024\/11\/DSS_100E_9P_A1_LFront.png\",\"contentUrl\":\"http:\/\/www.sozetrap.com\/wp-content\/uploads\/2024\/11\/DSS_100E_9P_A1_LFront.png\",\"width\":686,\"height\":271},{\"@type\":\"BreadcrumbList\",\"@id\":\"http:\/\/www.sozetrap.com\/index.php\/product\/dss-100e\/#breadcrumb\",\"itemListElement\":[{\"@type\":\"ListItem\",\"position\":1,\"name\":\"Accueil\",\"item\":\"http:\/\/www.sozetrap.com\/\"},{\"@type\":\"ListItem\",\"position\":2,\"name\":\"Produits\",\"item\":\"http:\/\/www.sozetrap.com\/index.php\/produits\/\"},{\"@type\":\"ListItem\",\"position\":3,\"name\":\"DSS-100E\"}]},{\"@type\":\"WebSite\",\"@id\":\"http:\/\/www.sozetrap.com\/#website\",\"url\":\"http:\/\/www.sozetrap.com\/\",\"name\":\"sozetrap\",\"description\":\"Travaillons ensemble pour votre s\u00e9curit\u00e9\",\"publisher\":{\"@id\":\"http:\/\/www.sozetrap.com\/#organization\"},\"potentialAction\":[{\"@type\":\"SearchAction\",\"target\":{\"@type\":\"EntryPoint\",\"urlTemplate\":\"http:\/\/www.sozetrap.com\/?s={search_term_string}\"},\"query-input\":{\"@type\":\"PropertyValueSpecification\",\"valueRequired\":true,\"valueName\":\"search_term_string\"}}],\"inLanguage\":\"fr-FR\"},{\"@type\":\"Organization\",\"@id\":\"http:\/\/www.sozetrap.com\/#organization\",\"name\":\"sozetrap\",\"url\":\"http:\/\/www.sozetrap.com\/\",\"logo\":{\"@type\":\"ImageObject\",\"inLanguage\":\"fr-FR\",\"@id\":\"http:\/\/www.sozetrap.com\/#\/schema\/logo\/image\/\",\"url\":\"http:\/\/www.sozetrap.com\/wp-content\/uploads\/2024\/05\/logo-papier-entete-2024.jpg\",\"contentUrl\":\"http:\/\/www.sozetrap.com\/wp-content\/uploads\/2024\/05\/logo-papier-entete-2024.jpg\",\"width\":316,\"height\":263,\"caption\":\"sozetrap\"},\"image\":{\"@id\":\"http:\/\/www.sozetrap.com\/#\/schema\/logo\/image\/\"},\"sameAs\":[\"https:\/\/www.facebook.com\/sozetrap.sozetrap.560\/\"]}]}<\/script>\n<!-- \/ Yoast SEO plugin. -->","yoast_head_json":{"title":"DSS-100E - sozetrap","robots":{"index":"index","follow":"follow","max-snippet":"max-snippet:-1","max-image-preview":"max-image-preview:large","max-video-preview":"max-video-preview:-1"},"canonical":"http:\/\/www.sozetrap.com\/index.php\/product\/dss-100e\/","og_locale":"fr_FR","og_type":"article","og_title":"DSS-100E - sozetrap","og_description":"Switches non administrables PoE longue distance pour vid\u00e9osurveillance DSS-100E Series Jusqu\u2019\u00e0 250 m de transmission de donn\u00e9es et de puissance Budget PoE+ jusqu\u2019\u00e0 92 W x8 ports PoE Fast Ethernet Simplicit\u00e9 Plug & Play pour une installation facile  T\u00e9l\u00e9charger la fiche technique","og_url":"http:\/\/www.sozetrap.com\/index.php\/product\/dss-100e\/","og_site_name":"sozetrap","article_publisher":"https:\/\/www.facebook.com\/sozetrap.sozetrap.560\/","article_modified_time":"2024-11-02T11:55:03+00:00","og_image":[{"width":686,"height":271,"url":"http:\/\/www.sozetrap.com\/wp-content\/uploads\/2024\/11\/DSS_100E_9P_A1_LFront.png","type":"image\/png"}],"twitter_card":"summary_large_image","schema":{"@context":"https:\/\/schema.org","@graph":[{"@type":"WebPage","@id":"http:\/\/www.sozetrap.com\/index.php\/product\/dss-100e\/","url":"http:\/\/www.sozetrap.com\/index.php\/product\/dss-100e\/","name":"DSS-100E - sozetrap","isPartOf":{"@id":"http:\/\/www.sozetrap.com\/#website"},"primaryImageOfPage":{"@id":"http:\/\/www.sozetrap.com\/index.php\/product\/dss-100e\/#primaryimage"},"image":{"@id":"http:\/\/www.sozetrap.com\/index.php\/product\/dss-100e\/#primaryimage"},"thumbnailUrl":"http:\/\/www.sozetrap.com\/wp-content\/uploads\/2024\/11\/DSS_100E_9P_A1_LFront.png","datePublished":"2024-11-02T11:55:02+00:00","dateModified":"2024-11-02T11:55:03+00:00","breadcrumb":{"@id":"http:\/\/www.sozetrap.com\/index.php\/product\/dss-100e\/#breadcrumb"},"inLanguage":"fr-FR","potentialAction":[{"@type":"ReadAction","target":["http:\/\/www.sozetrap.com\/index.php\/product\/dss-100e\/"]}]},{"@type":"ImageObject","inLanguage":"fr-FR","@id":"http:\/\/www.sozetrap.com\/index.php\/product\/dss-100e\/#primaryimage","url":"http:\/\/www.sozetrap.com\/wp-content\/uploads\/2024\/11\/DSS_100E_9P_A1_LFront.png","contentUrl":"http:\/\/www.sozetrap.com\/wp-content\/uploads\/2024\/11\/DSS_100E_9P_A1_LFront.png","width":686,"height":271},{"@type":"BreadcrumbList","@id":"http:\/\/www.sozetrap.com\/index.php\/product\/dss-100e\/#breadcrumb","itemListElement":[{"@type":"ListItem","position":1,"name":"Accueil","item":"http:\/\/www.sozetrap.com\/"},{"@type":"ListItem","position":2,"name":"Produits","item":"http:\/\/www.sozetrap.com\/index.php\/produits\/"},{"@type":"ListItem","position":3,"name":"DSS-100E"}]},{"@type":"WebSite","@id":"http:\/\/www.sozetrap.com\/#website","url":"http:\/\/www.sozetrap.com\/","name":"sozetrap","description":"Travaillons ensemble pour votre s\u00e9curit\u00e9","publisher":{"@id":"http:\/\/www.sozetrap.com\/#organization"},"potentialAction":[{"@type":"SearchAction","target":{"@type":"EntryPoint","urlTemplate":"http:\/\/www.sozetrap.com\/?s={search_term_string}"},"query-input":{"@type":"PropertyValueSpecification","valueRequired":true,"valueName":"search_term_string"}}],"inLanguage":"fr-FR"},{"@type":"Organization","@id":"http:\/\/www.sozetrap.com\/#organization","name":"sozetrap","url":"http:\/\/www.sozetrap.com\/","logo":{"@type":"ImageObject","inLanguage":"fr-FR","@id":"http:\/\/www.sozetrap.com\/#\/schema\/logo\/image\/","url":"http:\/\/www.sozetrap.com\/wp-content\/uploads\/2024\/05\/logo-papier-entete-2024.jpg","contentUrl":"http:\/\/www.sozetrap.com\/wp-content\/uploads\/2024\/05\/logo-papier-entete-2024.jpg","width":316,"height":263,"caption":"sozetrap"},"image":{"@id":"http:\/\/www.sozetrap.com\/#\/schema\/logo\/image\/"},"sameAs":["https:\/\/www.facebook.com\/sozetrap.sozetrap.560\/"]}]}},"jetpack_sharing_enabled":true,"_links":{"self":[{"href":"http:\/\/www.sozetrap.com\/index.php\/wp-json\/wp\/v2\/product\/20843","targetHints":{"allow":["GET"]}}],"collection":[{"href":"http:\/\/www.sozetrap.com\/index.php\/wp-json\/wp\/v2\/product"}],"about":[{"href":"http:\/\/www.sozetrap.com\/index.php\/wp-json\/wp\/v2\/types\/product"}],"replies":[{"embeddable":true,"href":"http:\/\/www.sozetrap.com\/index.php\/wp-json\/wp\/v2\/comments?post=20843"}],"wp:featuredmedia":[{"embeddable":true,"href":"http:\/\/www.sozetrap.com\/index.php\/wp-json\/wp\/v2\/media\/20845"}],"wp:attachment":[{"href":"http:\/\/www.sozetrap.com\/index.php\/wp-json\/wp\/v2\/media?parent=20843"}],"wp:term":[{"taxonomy":"product_cat","embeddable":true,"href":"http:\/\/www.sozetrap.com\/index.php\/wp-json\/wp\/v2\/product_cat?post=20843"},{"taxonomy":"product_tag","embeddable":true,"href":"http:\/\/www.sozetrap.com\/index.php\/wp-json\/wp\/v2\/product_tag?post=20843"}],"curies":[{"name":"wp","href":"https:\/\/api.w.org\/{rel}","templated":true}]}}