{"id":20860,"date":"2024-11-02T14:15:54","date_gmt":"2024-11-02T13:15:54","guid":{"rendered":"https:\/\/www.sozetrap.com\/?post_type=product&#038;p=20860"},"modified":"2024-11-02T14:15:54","modified_gmt":"2024-11-02T13:15:54","slug":"declencheur-manuel","status":"publish","type":"product","link":"http:\/\/www.sozetrap.com\/index.php\/product\/declencheur-manuel\/","title":{"rendered":"D\u00e9clencheur manuel"},"content":{"rendered":"","protected":false},"excerpt":{"rendered":"<p>D\u00e9clencheur manuel pour montage en surface,<br \/>\nEl\u00e9ment fragile (flexible) r\u00e9initialisable<br \/>\nVoyant LED en cas de signal d\u2019incendie<br \/>\nOutil sp\u00e9cial pour tests<br \/>\nLivr\u00e9 avec cl\u00e9 de r\u00e9armement<br \/>\nDegr\u00e9 de d\u00e9fense IP40.<\/p>\n","protected":false},"featured_media":20861,"comment_status":"open","ping_status":"closed","template":"","meta":[],"product_cat":[78],"product_tag":[],"class_list":{"0":"post-20860","1":"product","2":"type-product","3":"status-publish","4":"has-post-thumbnail","6":"product_cat-detection-automatique-dincendie","8":"first","9":"instock","10":"shipping-taxable","11":"product-type-simple"},"yoast_head":"<!-- This site is optimized with the Yoast SEO plugin v24.4 - https:\/\/yoast.com\/wordpress\/plugins\/seo\/ -->\n<title>D\u00e9clencheur manuel - sozetrap<\/title>\n<meta name=\"robots\" content=\"index, follow, max-snippet:-1, max-image-preview:large, max-video-preview:-1\" \/>\n<link rel=\"canonical\" href=\"http:\/\/www.sozetrap.com\/index.php\/product\/declencheur-manuel\/\" \/>\n<meta property=\"og:locale\" content=\"fr_FR\" \/>\n<meta property=\"og:type\" content=\"article\" \/>\n<meta property=\"og:title\" content=\"D\u00e9clencheur manuel - sozetrap\" \/>\n<meta property=\"og:description\" content=\"D\u00e9clencheur manuel pour montage en surface, El\u00e9ment fragile (flexible) r\u00e9initialisable Voyant LED en cas de signal d\u2019incendie Outil sp\u00e9cial pour tests Livr\u00e9 avec cl\u00e9 de r\u00e9armement Degr\u00e9 de d\u00e9fense IP40.\" \/>\n<meta property=\"og:url\" content=\"http:\/\/www.sozetrap.com\/index.php\/product\/declencheur-manuel\/\" \/>\n<meta property=\"og:site_name\" content=\"sozetrap\" \/>\n<meta property=\"article:publisher\" content=\"https:\/\/www.facebook.com\/sozetrap.sozetrap.560\/\" \/>\n<meta property=\"og:image\" content=\"http:\/\/www.sozetrap.com\/wp-content\/uploads\/2024\/11\/declencheur.jpeg\" \/>\n\t<meta property=\"og:image:width\" content=\"180\" \/>\n\t<meta property=\"og:image:height\" content=\"180\" \/>\n\t<meta property=\"og:image:type\" content=\"image\/jpeg\" \/>\n<meta name=\"twitter:card\" content=\"summary_large_image\" \/>\n<script type=\"application\/ld+json\" class=\"yoast-schema-graph\">{\"@context\":\"https:\/\/schema.org\",\"@graph\":[{\"@type\":\"WebPage\",\"@id\":\"http:\/\/www.sozetrap.com\/index.php\/product\/declencheur-manuel\/\",\"url\":\"http:\/\/www.sozetrap.com\/index.php\/product\/declencheur-manuel\/\",\"name\":\"D\u00e9clencheur manuel - sozetrap\",\"isPartOf\":{\"@id\":\"http:\/\/www.sozetrap.com\/#website\"},\"primaryImageOfPage\":{\"@id\":\"http:\/\/www.sozetrap.com\/index.php\/product\/declencheur-manuel\/#primaryimage\"},\"image\":{\"@id\":\"http:\/\/www.sozetrap.com\/index.php\/product\/declencheur-manuel\/#primaryimage\"},\"thumbnailUrl\":\"http:\/\/www.sozetrap.com\/wp-content\/uploads\/2024\/11\/declencheur.jpeg\",\"datePublished\":\"2024-11-02T13:15:54+00:00\",\"breadcrumb\":{\"@id\":\"http:\/\/www.sozetrap.com\/index.php\/product\/declencheur-manuel\/#breadcrumb\"},\"inLanguage\":\"fr-FR\",\"potentialAction\":[{\"@type\":\"ReadAction\",\"target\":[\"http:\/\/www.sozetrap.com\/index.php\/product\/declencheur-manuel\/\"]}]},{\"@type\":\"ImageObject\",\"inLanguage\":\"fr-FR\",\"@id\":\"http:\/\/www.sozetrap.com\/index.php\/product\/declencheur-manuel\/#primaryimage\",\"url\":\"http:\/\/www.sozetrap.com\/wp-content\/uploads\/2024\/11\/declencheur.jpeg\",\"contentUrl\":\"http:\/\/www.sozetrap.com\/wp-content\/uploads\/2024\/11\/declencheur.jpeg\",\"width\":180,\"height\":180},{\"@type\":\"BreadcrumbList\",\"@id\":\"http:\/\/www.sozetrap.com\/index.php\/product\/declencheur-manuel\/#breadcrumb\",\"itemListElement\":[{\"@type\":\"ListItem\",\"position\":1,\"name\":\"Accueil\",\"item\":\"http:\/\/www.sozetrap.com\/\"},{\"@type\":\"ListItem\",\"position\":2,\"name\":\"Produits\",\"item\":\"http:\/\/www.sozetrap.com\/index.php\/produits\/\"},{\"@type\":\"ListItem\",\"position\":3,\"name\":\"D\u00e9clencheur manuel\"}]},{\"@type\":\"WebSite\",\"@id\":\"http:\/\/www.sozetrap.com\/#website\",\"url\":\"http:\/\/www.sozetrap.com\/\",\"name\":\"sozetrap\",\"description\":\"Travaillons ensemble pour votre s\u00e9curit\u00e9\",\"publisher\":{\"@id\":\"http:\/\/www.sozetrap.com\/#organization\"},\"potentialAction\":[{\"@type\":\"SearchAction\",\"target\":{\"@type\":\"EntryPoint\",\"urlTemplate\":\"http:\/\/www.sozetrap.com\/?s={search_term_string}\"},\"query-input\":{\"@type\":\"PropertyValueSpecification\",\"valueRequired\":true,\"valueName\":\"search_term_string\"}}],\"inLanguage\":\"fr-FR\"},{\"@type\":\"Organization\",\"@id\":\"http:\/\/www.sozetrap.com\/#organization\",\"name\":\"sozetrap\",\"url\":\"http:\/\/www.sozetrap.com\/\",\"logo\":{\"@type\":\"ImageObject\",\"inLanguage\":\"fr-FR\",\"@id\":\"http:\/\/www.sozetrap.com\/#\/schema\/logo\/image\/\",\"url\":\"http:\/\/www.sozetrap.com\/wp-content\/uploads\/2024\/05\/logo-papier-entete-2024.jpg\",\"contentUrl\":\"http:\/\/www.sozetrap.com\/wp-content\/uploads\/2024\/05\/logo-papier-entete-2024.jpg\",\"width\":316,\"height\":263,\"caption\":\"sozetrap\"},\"image\":{\"@id\":\"http:\/\/www.sozetrap.com\/#\/schema\/logo\/image\/\"},\"sameAs\":[\"https:\/\/www.facebook.com\/sozetrap.sozetrap.560\/\"]}]}<\/script>\n<!-- \/ Yoast SEO plugin. -->","yoast_head_json":{"title":"D\u00e9clencheur manuel - sozetrap","robots":{"index":"index","follow":"follow","max-snippet":"max-snippet:-1","max-image-preview":"max-image-preview:large","max-video-preview":"max-video-preview:-1"},"canonical":"http:\/\/www.sozetrap.com\/index.php\/product\/declencheur-manuel\/","og_locale":"fr_FR","og_type":"article","og_title":"D\u00e9clencheur manuel - sozetrap","og_description":"D\u00e9clencheur manuel pour montage en surface, El\u00e9ment fragile (flexible) r\u00e9initialisable Voyant LED en cas de signal d\u2019incendie Outil sp\u00e9cial pour tests Livr\u00e9 avec cl\u00e9 de r\u00e9armement Degr\u00e9 de d\u00e9fense IP40.","og_url":"http:\/\/www.sozetrap.com\/index.php\/product\/declencheur-manuel\/","og_site_name":"sozetrap","article_publisher":"https:\/\/www.facebook.com\/sozetrap.sozetrap.560\/","og_image":[{"width":180,"height":180,"url":"http:\/\/www.sozetrap.com\/wp-content\/uploads\/2024\/11\/declencheur.jpeg","type":"image\/jpeg"}],"twitter_card":"summary_large_image","schema":{"@context":"https:\/\/schema.org","@graph":[{"@type":"WebPage","@id":"http:\/\/www.sozetrap.com\/index.php\/product\/declencheur-manuel\/","url":"http:\/\/www.sozetrap.com\/index.php\/product\/declencheur-manuel\/","name":"D\u00e9clencheur manuel - sozetrap","isPartOf":{"@id":"http:\/\/www.sozetrap.com\/#website"},"primaryImageOfPage":{"@id":"http:\/\/www.sozetrap.com\/index.php\/product\/declencheur-manuel\/#primaryimage"},"image":{"@id":"http:\/\/www.sozetrap.com\/index.php\/product\/declencheur-manuel\/#primaryimage"},"thumbnailUrl":"http:\/\/www.sozetrap.com\/wp-content\/uploads\/2024\/11\/declencheur.jpeg","datePublished":"2024-11-02T13:15:54+00:00","breadcrumb":{"@id":"http:\/\/www.sozetrap.com\/index.php\/product\/declencheur-manuel\/#breadcrumb"},"inLanguage":"fr-FR","potentialAction":[{"@type":"ReadAction","target":["http:\/\/www.sozetrap.com\/index.php\/product\/declencheur-manuel\/"]}]},{"@type":"ImageObject","inLanguage":"fr-FR","@id":"http:\/\/www.sozetrap.com\/index.php\/product\/declencheur-manuel\/#primaryimage","url":"http:\/\/www.sozetrap.com\/wp-content\/uploads\/2024\/11\/declencheur.jpeg","contentUrl":"http:\/\/www.sozetrap.com\/wp-content\/uploads\/2024\/11\/declencheur.jpeg","width":180,"height":180},{"@type":"BreadcrumbList","@id":"http:\/\/www.sozetrap.com\/index.php\/product\/declencheur-manuel\/#breadcrumb","itemListElement":[{"@type":"ListItem","position":1,"name":"Accueil","item":"http:\/\/www.sozetrap.com\/"},{"@type":"ListItem","position":2,"name":"Produits","item":"http:\/\/www.sozetrap.com\/index.php\/produits\/"},{"@type":"ListItem","position":3,"name":"D\u00e9clencheur manuel"}]},{"@type":"WebSite","@id":"http:\/\/www.sozetrap.com\/#website","url":"http:\/\/www.sozetrap.com\/","name":"sozetrap","description":"Travaillons ensemble pour votre s\u00e9curit\u00e9","publisher":{"@id":"http:\/\/www.sozetrap.com\/#organization"},"potentialAction":[{"@type":"SearchAction","target":{"@type":"EntryPoint","urlTemplate":"http:\/\/www.sozetrap.com\/?s={search_term_string}"},"query-input":{"@type":"PropertyValueSpecification","valueRequired":true,"valueName":"search_term_string"}}],"inLanguage":"fr-FR"},{"@type":"Organization","@id":"http:\/\/www.sozetrap.com\/#organization","name":"sozetrap","url":"http:\/\/www.sozetrap.com\/","logo":{"@type":"ImageObject","inLanguage":"fr-FR","@id":"http:\/\/www.sozetrap.com\/#\/schema\/logo\/image\/","url":"http:\/\/www.sozetrap.com\/wp-content\/uploads\/2024\/05\/logo-papier-entete-2024.jpg","contentUrl":"http:\/\/www.sozetrap.com\/wp-content\/uploads\/2024\/05\/logo-papier-entete-2024.jpg","width":316,"height":263,"caption":"sozetrap"},"image":{"@id":"http:\/\/www.sozetrap.com\/#\/schema\/logo\/image\/"},"sameAs":["https:\/\/www.facebook.com\/sozetrap.sozetrap.560\/"]}]}},"jetpack_sharing_enabled":true,"_links":{"self":[{"href":"http:\/\/www.sozetrap.com\/index.php\/wp-json\/wp\/v2\/product\/20860","targetHints":{"allow":["GET"]}}],"collection":[{"href":"http:\/\/www.sozetrap.com\/index.php\/wp-json\/wp\/v2\/product"}],"about":[{"href":"http:\/\/www.sozetrap.com\/index.php\/wp-json\/wp\/v2\/types\/product"}],"replies":[{"embeddable":true,"href":"http:\/\/www.sozetrap.com\/index.php\/wp-json\/wp\/v2\/comments?post=20860"}],"wp:featuredmedia":[{"embeddable":true,"href":"http:\/\/www.sozetrap.com\/index.php\/wp-json\/wp\/v2\/media\/20861"}],"wp:attachment":[{"href":"http:\/\/www.sozetrap.com\/index.php\/wp-json\/wp\/v2\/media?parent=20860"}],"wp:term":[{"taxonomy":"product_cat","embeddable":true,"href":"http:\/\/www.sozetrap.com\/index.php\/wp-json\/wp\/v2\/product_cat?post=20860"},{"taxonomy":"product_tag","embeddable":true,"href":"http:\/\/www.sozetrap.com\/index.php\/wp-json\/wp\/v2\/product_tag?post=20860"}],"curies":[{"name":"wp","href":"https:\/\/api.w.org\/{rel}","templated":true}]}}