{"id":20197,"date":"2024-09-17T12:47:24","date_gmt":"2024-09-17T11:47:24","guid":{"rendered":"https:\/\/www.sozetrap.com\/?page_id=20197"},"modified":"2025-05-12T11:09:17","modified_gmt":"2025-05-12T10:09:17","slug":"videosurveillance","status":"publish","type":"page","link":"https:\/\/www.sozetrap.com\/index.php\/videosurveillance\/","title":{"rendered":"videosurveillance"},"content":{"rendered":"<figure><\/figure>\n<h5><a href=\"#\">24\/7 Vid\u00e9osurveillance<\/a><a href=\"#\"><img fetchpriority=\"high\" decoding=\"async\" class=\"alignright\" src=\"http:\/\/www.sozetrap.com\/wp-content\/uploads\/2018\/07\/custom-serv02.jpg\" alt=\"\" width=\"452\" height=\"282\" \/><\/a><\/h5>\n<figure><\/figure>\n<p>Prot\u00e9gez votre maison, votre entreprise et vos proches avec des cam\u00e9ras de vid\u00e9osurveillance de haute qualit\u00e9.<\/p>\n<p>Les cam\u00e9ras de vid\u00e9osurveillance sont un excellent moyen de renforcer la s\u00e9curit\u00e9 de votre maison, de votre entreprise ou de tout autre lieu important pour vous. Elles peuvent vous aider \u00e0 d\u00e9tecter les activit\u00e9s suspectes, \u00e0 pr\u00e9venir les crimes et \u00e0 prot\u00e9ger vos biens.<\/p>\n<p>Il existe de nombreux types de cam\u00e9ras de vid\u00e9osurveillance disponibles, allant des mod\u00e8les simples et abordables aux syst\u00e8mes de surveillance avanc\u00e9s et sophistiqu\u00e9s. Vous pouvez choisir le type de cam\u00e9ra qui convient le mieux \u00e0 vos besoins et \u00e0 votre budget.<\/p>\n<p>L&rsquo;installation de cam\u00e9ras de vid\u00e9osurveillance est un processus simple et rapide. Vous pouvez le faire vous-m\u00eame ou faire appel \u00e0 un professionnel.<\/p>\n<p>Une fois vos cam\u00e9ras install\u00e9es, vous pourrez les surveiller \u00e0 distance depuis votre smartphone ou votre ordinateur. Vous pourrez \u00e9galement enregistrer les images pour les consulter ult\u00e9rieurement.<\/p>\n<p>Les cam\u00e9ras de vid\u00e9osurveillance sont un investissement judicieux qui peut vous aider \u00e0 vous sentir plus en s\u00e9curit\u00e9 et \u00e0 prot\u00e9ger vos biens.<\/p>\n<p>Si vous \u00eates int\u00e9ress\u00e9 par l&rsquo;installation de cam\u00e9ras de vid\u00e9osurveillance, n&rsquo;h\u00e9sitez pas \u00e0 contacter un professionnel pour obtenir des conseils et une assistance.<\/p>\n<p>Voici quelques avantages suppl\u00e9mentaires de l&rsquo;installation de cam\u00e9ras de vid\u00e9osurveillance :<\/p>\n<p>D\u00e9tection pr\u00e9coce des activit\u00e9s suspectes<br \/>\nPr\u00e9vention des crimes<br \/>\nProtection des biens<br \/>\nSurveillance \u00e0 distance<br \/>\nEnregistrement des images<br \/>\nSentiment de s\u00e9curit\u00e9 accru<br \/>\nLes cam\u00e9ras de vid\u00e9osurveillance sont un excellent moyen de renforcer la s\u00e9curit\u00e9 de votre maison, de votre entreprise ou de tout autre lieu important pour vous.<\/p>\n","protected":false},"excerpt":{"rendered":"<p>24\/7 Vid\u00e9osurveillance Prot\u00e9gez votre maison, votre entreprise et vos proches avec des cam\u00e9ras de vid\u00e9osurveillance de haute qualit\u00e9. Les cam\u00e9ras de vid\u00e9osurveillance sont un excellent moyen de renforcer la s\u00e9curit\u00e9 de votre maison, de votre entreprise ou de tout autre lieu important pour vous. Elles peuvent vous aider \u00e0 d\u00e9tecter les activit\u00e9s suspectes, \u00e0 pr\u00e9venir [&hellip;]<\/p>\n","protected":false},"author":1,"featured_media":0,"parent":0,"menu_order":0,"comment_status":"closed","ping_status":"closed","template":"","meta":{"footnotes":""},"class_list":["post-20197","page","type-page","status-publish","hentry"],"yoast_head":"<!-- This site is optimized with the Yoast SEO plugin v24.4 - https:\/\/yoast.com\/wordpress\/plugins\/seo\/ -->\n<title>videosurveillance - sozetrap<\/title>\n<meta name=\"robots\" content=\"index, follow, max-snippet:-1, max-image-preview:large, max-video-preview:-1\" \/>\n<link rel=\"canonical\" href=\"http:\/\/www.sozetrap.com\/index.php\/videosurveillance\/\" \/>\n<meta property=\"og:locale\" content=\"fr_FR\" \/>\n<meta property=\"og:type\" content=\"article\" \/>\n<meta property=\"og:title\" content=\"videosurveillance - sozetrap\" \/>\n<meta property=\"og:description\" content=\"24\/7 Vid\u00e9osurveillance Prot\u00e9gez votre maison, votre entreprise et vos proches avec des cam\u00e9ras de vid\u00e9osurveillance de haute qualit\u00e9. Les cam\u00e9ras de vid\u00e9osurveillance sont un excellent moyen de renforcer la s\u00e9curit\u00e9 de votre maison, de votre entreprise ou de tout autre lieu important pour vous. Elles peuvent vous aider \u00e0 d\u00e9tecter les activit\u00e9s suspectes, \u00e0 pr\u00e9venir [&hellip;]\" \/>\n<meta property=\"og:url\" content=\"http:\/\/www.sozetrap.com\/index.php\/videosurveillance\/\" \/>\n<meta property=\"og:site_name\" content=\"sozetrap\" \/>\n<meta property=\"article:publisher\" content=\"https:\/\/www.facebook.com\/sozetrap.sozetrap.560\/\" \/>\n<meta property=\"article:modified_time\" content=\"2025-05-12T10:09:17+00:00\" \/>\n<meta property=\"og:image\" content=\"http:\/\/www.sozetrap.com\/wp-content\/uploads\/2018\/07\/custom-serv02.jpg\" \/>\n<meta name=\"twitter:card\" content=\"summary_large_image\" \/>\n<meta name=\"twitter:label1\" content=\"Dur\u00e9e de lecture estim\u00e9e\" \/>\n\t<meta name=\"twitter:data1\" content=\"2 minutes\" \/>\n<script type=\"application\/ld+json\" class=\"yoast-schema-graph\">{\"@context\":\"https:\/\/schema.org\",\"@graph\":[{\"@type\":\"WebPage\",\"@id\":\"http:\/\/www.sozetrap.com\/index.php\/videosurveillance\/\",\"url\":\"http:\/\/www.sozetrap.com\/index.php\/videosurveillance\/\",\"name\":\"videosurveillance - sozetrap\",\"isPartOf\":{\"@id\":\"http:\/\/www.sozetrap.com\/#website\"},\"primaryImageOfPage\":{\"@id\":\"http:\/\/www.sozetrap.com\/index.php\/videosurveillance\/#primaryimage\"},\"image\":{\"@id\":\"http:\/\/www.sozetrap.com\/index.php\/videosurveillance\/#primaryimage\"},\"thumbnailUrl\":\"http:\/\/www.sozetrap.com\/wp-content\/uploads\/2018\/07\/custom-serv02.jpg\",\"datePublished\":\"2024-09-17T11:47:24+00:00\",\"dateModified\":\"2025-05-12T10:09:17+00:00\",\"breadcrumb\":{\"@id\":\"http:\/\/www.sozetrap.com\/index.php\/videosurveillance\/#breadcrumb\"},\"inLanguage\":\"fr-FR\",\"potentialAction\":[{\"@type\":\"ReadAction\",\"target\":[\"http:\/\/www.sozetrap.com\/index.php\/videosurveillance\/\"]}]},{\"@type\":\"ImageObject\",\"inLanguage\":\"fr-FR\",\"@id\":\"http:\/\/www.sozetrap.com\/index.php\/videosurveillance\/#primaryimage\",\"url\":\"http:\/\/www.sozetrap.com\/wp-content\/uploads\/2018\/07\/custom-serv02.jpg\",\"contentUrl\":\"http:\/\/www.sozetrap.com\/wp-content\/uploads\/2018\/07\/custom-serv02.jpg\"},{\"@type\":\"BreadcrumbList\",\"@id\":\"http:\/\/www.sozetrap.com\/index.php\/videosurveillance\/#breadcrumb\",\"itemListElement\":[{\"@type\":\"ListItem\",\"position\":1,\"name\":\"Accueil\",\"item\":\"http:\/\/www.sozetrap.com\/\"},{\"@type\":\"ListItem\",\"position\":2,\"name\":\"videosurveillance\"}]},{\"@type\":\"WebSite\",\"@id\":\"http:\/\/www.sozetrap.com\/#website\",\"url\":\"http:\/\/www.sozetrap.com\/\",\"name\":\"sozetrap\",\"description\":\"Travaillons ensemble pour votre s\u00e9curit\u00e9\",\"publisher\":{\"@id\":\"http:\/\/www.sozetrap.com\/#organization\"},\"potentialAction\":[{\"@type\":\"SearchAction\",\"target\":{\"@type\":\"EntryPoint\",\"urlTemplate\":\"http:\/\/www.sozetrap.com\/?s={search_term_string}\"},\"query-input\":{\"@type\":\"PropertyValueSpecification\",\"valueRequired\":true,\"valueName\":\"search_term_string\"}}],\"inLanguage\":\"fr-FR\"},{\"@type\":\"Organization\",\"@id\":\"http:\/\/www.sozetrap.com\/#organization\",\"name\":\"sozetrap\",\"url\":\"http:\/\/www.sozetrap.com\/\",\"logo\":{\"@type\":\"ImageObject\",\"inLanguage\":\"fr-FR\",\"@id\":\"http:\/\/www.sozetrap.com\/#\/schema\/logo\/image\/\",\"url\":\"http:\/\/www.sozetrap.com\/wp-content\/uploads\/2024\/05\/logo-papier-entete-2024.jpg\",\"contentUrl\":\"http:\/\/www.sozetrap.com\/wp-content\/uploads\/2024\/05\/logo-papier-entete-2024.jpg\",\"width\":316,\"height\":263,\"caption\":\"sozetrap\"},\"image\":{\"@id\":\"http:\/\/www.sozetrap.com\/#\/schema\/logo\/image\/\"},\"sameAs\":[\"https:\/\/www.facebook.com\/sozetrap.sozetrap.560\/\"]}]}<\/script>\n<!-- \/ Yoast SEO plugin. -->","yoast_head_json":{"title":"videosurveillance - sozetrap","robots":{"index":"index","follow":"follow","max-snippet":"max-snippet:-1","max-image-preview":"max-image-preview:large","max-video-preview":"max-video-preview:-1"},"canonical":"http:\/\/www.sozetrap.com\/index.php\/videosurveillance\/","og_locale":"fr_FR","og_type":"article","og_title":"videosurveillance - sozetrap","og_description":"24\/7 Vid\u00e9osurveillance Prot\u00e9gez votre maison, votre entreprise et vos proches avec des cam\u00e9ras de vid\u00e9osurveillance de haute qualit\u00e9. Les cam\u00e9ras de vid\u00e9osurveillance sont un excellent moyen de renforcer la s\u00e9curit\u00e9 de votre maison, de votre entreprise ou de tout autre lieu important pour vous. Elles peuvent vous aider \u00e0 d\u00e9tecter les activit\u00e9s suspectes, \u00e0 pr\u00e9venir [&hellip;]","og_url":"http:\/\/www.sozetrap.com\/index.php\/videosurveillance\/","og_site_name":"sozetrap","article_publisher":"https:\/\/www.facebook.com\/sozetrap.sozetrap.560\/","article_modified_time":"2025-05-12T10:09:17+00:00","og_image":[{"url":"http:\/\/www.sozetrap.com\/wp-content\/uploads\/2018\/07\/custom-serv02.jpg","type":"","width":"","height":""}],"twitter_card":"summary_large_image","twitter_misc":{"Dur\u00e9e de lecture estim\u00e9e":"2 minutes"},"schema":{"@context":"https:\/\/schema.org","@graph":[{"@type":"WebPage","@id":"http:\/\/www.sozetrap.com\/index.php\/videosurveillance\/","url":"http:\/\/www.sozetrap.com\/index.php\/videosurveillance\/","name":"videosurveillance - sozetrap","isPartOf":{"@id":"http:\/\/www.sozetrap.com\/#website"},"primaryImageOfPage":{"@id":"http:\/\/www.sozetrap.com\/index.php\/videosurveillance\/#primaryimage"},"image":{"@id":"http:\/\/www.sozetrap.com\/index.php\/videosurveillance\/#primaryimage"},"thumbnailUrl":"http:\/\/www.sozetrap.com\/wp-content\/uploads\/2018\/07\/custom-serv02.jpg","datePublished":"2024-09-17T11:47:24+00:00","dateModified":"2025-05-12T10:09:17+00:00","breadcrumb":{"@id":"http:\/\/www.sozetrap.com\/index.php\/videosurveillance\/#breadcrumb"},"inLanguage":"fr-FR","potentialAction":[{"@type":"ReadAction","target":["http:\/\/www.sozetrap.com\/index.php\/videosurveillance\/"]}]},{"@type":"ImageObject","inLanguage":"fr-FR","@id":"http:\/\/www.sozetrap.com\/index.php\/videosurveillance\/#primaryimage","url":"http:\/\/www.sozetrap.com\/wp-content\/uploads\/2018\/07\/custom-serv02.jpg","contentUrl":"http:\/\/www.sozetrap.com\/wp-content\/uploads\/2018\/07\/custom-serv02.jpg"},{"@type":"BreadcrumbList","@id":"http:\/\/www.sozetrap.com\/index.php\/videosurveillance\/#breadcrumb","itemListElement":[{"@type":"ListItem","position":1,"name":"Accueil","item":"http:\/\/www.sozetrap.com\/"},{"@type":"ListItem","position":2,"name":"videosurveillance"}]},{"@type":"WebSite","@id":"http:\/\/www.sozetrap.com\/#website","url":"http:\/\/www.sozetrap.com\/","name":"sozetrap","description":"Travaillons ensemble pour votre s\u00e9curit\u00e9","publisher":{"@id":"http:\/\/www.sozetrap.com\/#organization"},"potentialAction":[{"@type":"SearchAction","target":{"@type":"EntryPoint","urlTemplate":"http:\/\/www.sozetrap.com\/?s={search_term_string}"},"query-input":{"@type":"PropertyValueSpecification","valueRequired":true,"valueName":"search_term_string"}}],"inLanguage":"fr-FR"},{"@type":"Organization","@id":"http:\/\/www.sozetrap.com\/#organization","name":"sozetrap","url":"http:\/\/www.sozetrap.com\/","logo":{"@type":"ImageObject","inLanguage":"fr-FR","@id":"http:\/\/www.sozetrap.com\/#\/schema\/logo\/image\/","url":"http:\/\/www.sozetrap.com\/wp-content\/uploads\/2024\/05\/logo-papier-entete-2024.jpg","contentUrl":"http:\/\/www.sozetrap.com\/wp-content\/uploads\/2024\/05\/logo-papier-entete-2024.jpg","width":316,"height":263,"caption":"sozetrap"},"image":{"@id":"http:\/\/www.sozetrap.com\/#\/schema\/logo\/image\/"},"sameAs":["https:\/\/www.facebook.com\/sozetrap.sozetrap.560\/"]}]}},"jetpack_sharing_enabled":true,"_links":{"self":[{"href":"https:\/\/www.sozetrap.com\/index.php\/wp-json\/wp\/v2\/pages\/20197","targetHints":{"allow":["GET"]}}],"collection":[{"href":"https:\/\/www.sozetrap.com\/index.php\/wp-json\/wp\/v2\/pages"}],"about":[{"href":"https:\/\/www.sozetrap.com\/index.php\/wp-json\/wp\/v2\/types\/page"}],"author":[{"embeddable":true,"href":"https:\/\/www.sozetrap.com\/index.php\/wp-json\/wp\/v2\/users\/1"}],"replies":[{"embeddable":true,"href":"https:\/\/www.sozetrap.com\/index.php\/wp-json\/wp\/v2\/comments?post=20197"}],"version-history":[{"count":5,"href":"https:\/\/www.sozetrap.com\/index.php\/wp-json\/wp\/v2\/pages\/20197\/revisions"}],"predecessor-version":[{"id":21458,"href":"https:\/\/www.sozetrap.com\/index.php\/wp-json\/wp\/v2\/pages\/20197\/revisions\/21458"}],"wp:attachment":[{"href":"https:\/\/www.sozetrap.com\/index.php\/wp-json\/wp\/v2\/media?parent=20197"}],"curies":[{"name":"wp","href":"https:\/\/api.w.org\/{rel}","templated":true}]}}