{"id":21141,"date":"2024-11-08T12:43:18","date_gmt":"2024-11-08T11:43:18","guid":{"rendered":"https:\/\/www.sozetrap.com\/?page_id=21141"},"modified":"2024-11-08T12:46:47","modified_gmt":"2024-11-08T11:46:47","slug":"installation-electrique-ht-mt-bt","status":"publish","type":"page","link":"https:\/\/www.sozetrap.com\/index.php\/installation-electrique-ht-mt-bt\/","title":{"rendered":"Installation \u00e9lectrique HT\/MT\/BT"},"content":{"rendered":"<p><b>Chez SOZETRAP, <\/b><b>notre<\/b><b> expertise se <\/b><b>concentre<\/b><b> sur <\/b><b>l&rsquo;\u00e9lectricit\u00e9<\/b><b>. Gr\u00e2ce \u00e0 <\/b><b>notre<\/b> <b>solide<\/b> <b>exp\u00e9rience<\/b><b>, nous <\/b><b>effectuons<\/b><b> des <\/b><b>travaux<\/b><b> qui <\/b><b>r\u00e9pondent<\/b><b> aux <\/b><b>exigences<\/b><b> de <\/b><b>l&rsquo;industrie<\/b><b>.<\/b><\/p>\n<ul>\n<li><b>Organisation<\/b><b> : Le courant fort <\/b><b>demeure<\/b> <b>une<\/b> <b>activit\u00e9<\/b> <b>principale<\/b><b> pour SOZETRAP. Notre <\/b><b>exp\u00e9rience<\/b> <b>permet<\/b><b> de <\/b><b>r\u00e9aliser<\/b> <b>tous<\/b><b> types de <\/b><b>travaux<\/b> <b>en<\/b><b> courants forts pour <\/b><b>l&rsquo;industrie<\/b> <b>mais<\/b> <b>aussi<\/b><b> pour le <\/b><b>tertiaire<\/b><b>, <\/b><b>ou<\/b><b> le <\/b><b>logement<\/b><b>. Ce service <\/b><b>est<\/b> <b>compos\u00e9<\/b><b> de 2 <\/b><b>conducteurs<\/b><b> de <\/b><b>travaux<\/b> <b>\u00e9paulant<\/b><b> le <\/b><b>responsable<\/b> <b>d&rsquo;affaires<\/b><b>. <\/b><\/li>\n<li><b>Tableaux de distributions : Nous <\/b><b>r\u00e9alisons<\/b> <b>l&rsquo;\u00e9tude<\/b><b>, le <\/b><b>dimensionnement<\/b><b> et le <\/b><b>c\u00e2blage<\/b> <b>complet<\/b><b> de <\/b><b>vos<\/b><b> tableaux de distribution et <\/b><b>ou<\/b> <b>coffrets<\/b><b> de <\/b><b>r\u00e9gulation<\/b> <b>selon<\/b> <b>vos<\/b> <b>sp\u00e9cifications<\/b><b> de cahier des charges et <\/b><b>en<\/b> <b>respectant<\/b><b> les <\/b><b>r\u00e8gles<\/b><b> de <\/b><b>l\u2019art<\/b><b>.<\/b><\/li>\n<li><b> Distribution HTA : Construction de <\/b><b>postes<\/b><b> HTA\/BT Transformation 20000\/400V Distribution courants forts <\/b><b>jusqu&rsquo;aux<\/b><b> tableaux <\/b><b>g\u00e9n\u00e9raux<\/b> <b>basse<\/b><b> tension. Distribution des <\/b><b>r\u00e9cepteurs<\/b><b> : <\/b><b>Prises<\/b><b> forces et <\/b><b>mise<\/b> <b>en<\/b><b> place de <\/b><b>r\u00e9seaux<\/b> <b>d&rsquo;\u00e9clairage<\/b><b> Alimentation des installations de <\/b><b>chantier<\/b><b> Installation de <\/b><b>parafoudre<\/b><b> Installation de batteries de <\/b><b>condensateurs<\/b><b>.<\/b><\/li>\n<\/ul>\n<p><b>Sozetrap<\/b><b> a <\/b><b>particip\u00e9<\/b><b> \u00e0 <\/b><b>plusieurs<\/b> <b>projets<\/b><b> de <\/b><b>grande<\/b> <b>envergure<\/b> <b>en<\/b> <b>Tunisie<\/b><b>, <\/b><b>dans<\/b><b> les <\/b><b>secteurs<\/b><b> de <\/b><b>l\u2019\u00e9nergie<\/b><b>, des infrastructures, et de la construction.<\/b><\/p>\n<p><b>Ces<\/b> <b>projets<\/b> <b>incluent<\/b><b> la <\/b><b>cr\u00e9ation<\/b><b> et <\/b><b>l&rsquo;entretien<\/b><b> de <\/b><b>r\u00e9seaux<\/b> <b>\u00e9lectriques<\/b><b> pour des zones <\/b><b>industrielles<\/b><b>, des <\/b><b>centres<\/b> <b>urbains<\/b><b> et des zones <\/b><b>rurales<\/b><b>, <\/b><b>ainsi<\/b><b> que des <\/b><b>partenariats<\/b><b> avec des <\/b><b>acteurs<\/b> <b>nationaux<\/b><b> et <\/b><b>internationaux<\/b> <b>dans<\/b><b> le <\/b><b>domaine<\/b><b> de <\/b><b>l&rsquo;\u00e9nergie<\/b><b>.<\/b><\/p>\n","protected":false},"excerpt":{"rendered":"<p>Chez SOZETRAP, notre expertise se concentre sur l&rsquo;\u00e9lectricit\u00e9. Gr\u00e2ce \u00e0 notre solide exp\u00e9rience, nous effectuons des travaux qui r\u00e9pondent aux exigences de l&rsquo;industrie. Organisation : Le courant fort demeure une activit\u00e9 principale pour SOZETRAP. Notre exp\u00e9rience permet de r\u00e9aliser tous types de travaux en courants forts pour l&rsquo;industrie mais aussi pour le tertiaire, ou le [&hellip;]<\/p>\n","protected":false},"author":1,"featured_media":0,"parent":0,"menu_order":0,"comment_status":"closed","ping_status":"closed","template":"","meta":{"footnotes":""},"class_list":["post-21141","page","type-page","status-publish","hentry"],"yoast_head":"<!-- This site is optimized with the Yoast SEO plugin v24.4 - https:\/\/yoast.com\/wordpress\/plugins\/seo\/ -->\n<title>Installation \u00e9lectrique HT\/MT\/BT - sozetrap<\/title>\n<meta name=\"robots\" content=\"index, follow, max-snippet:-1, max-image-preview:large, max-video-preview:-1\" \/>\n<link rel=\"canonical\" href=\"http:\/\/www.sozetrap.com\/index.php\/installation-electrique-ht-mt-bt\/\" \/>\n<meta property=\"og:locale\" content=\"fr_FR\" \/>\n<meta property=\"og:type\" content=\"article\" \/>\n<meta property=\"og:title\" content=\"Installation \u00e9lectrique HT\/MT\/BT - sozetrap\" \/>\n<meta property=\"og:description\" content=\"Chez SOZETRAP, notre expertise se concentre sur l&rsquo;\u00e9lectricit\u00e9. Gr\u00e2ce \u00e0 notre solide exp\u00e9rience, nous effectuons des travaux qui r\u00e9pondent aux exigences de l&rsquo;industrie. Organisation : Le courant fort demeure une activit\u00e9 principale pour SOZETRAP. Notre exp\u00e9rience permet de r\u00e9aliser tous types de travaux en courants forts pour l&rsquo;industrie mais aussi pour le tertiaire, ou le [&hellip;]\" \/>\n<meta property=\"og:url\" content=\"http:\/\/www.sozetrap.com\/index.php\/installation-electrique-ht-mt-bt\/\" \/>\n<meta property=\"og:site_name\" content=\"sozetrap\" \/>\n<meta property=\"article:publisher\" content=\"https:\/\/www.facebook.com\/sozetrap.sozetrap.560\/\" \/>\n<meta property=\"article:modified_time\" content=\"2024-11-08T11:46:47+00:00\" \/>\n<meta name=\"twitter:card\" content=\"summary_large_image\" \/>\n<meta name=\"twitter:label1\" content=\"Dur\u00e9e de lecture estim\u00e9e\" \/>\n\t<meta name=\"twitter:data1\" content=\"1 minute\" \/>\n<script type=\"application\/ld+json\" class=\"yoast-schema-graph\">{\"@context\":\"https:\/\/schema.org\",\"@graph\":[{\"@type\":\"WebPage\",\"@id\":\"http:\/\/www.sozetrap.com\/index.php\/installation-electrique-ht-mt-bt\/\",\"url\":\"http:\/\/www.sozetrap.com\/index.php\/installation-electrique-ht-mt-bt\/\",\"name\":\"Installation \u00e9lectrique HT\/MT\/BT - sozetrap\",\"isPartOf\":{\"@id\":\"https:\/\/www.sozetrap.com\/#website\"},\"datePublished\":\"2024-11-08T11:43:18+00:00\",\"dateModified\":\"2024-11-08T11:46:47+00:00\",\"breadcrumb\":{\"@id\":\"http:\/\/www.sozetrap.com\/index.php\/installation-electrique-ht-mt-bt\/#breadcrumb\"},\"inLanguage\":\"fr-FR\",\"potentialAction\":[{\"@type\":\"ReadAction\",\"target\":[\"http:\/\/www.sozetrap.com\/index.php\/installation-electrique-ht-mt-bt\/\"]}]},{\"@type\":\"BreadcrumbList\",\"@id\":\"http:\/\/www.sozetrap.com\/index.php\/installation-electrique-ht-mt-bt\/#breadcrumb\",\"itemListElement\":[{\"@type\":\"ListItem\",\"position\":1,\"name\":\"Accueil\",\"item\":\"https:\/\/www.sozetrap.com\/\"},{\"@type\":\"ListItem\",\"position\":2,\"name\":\"Installation \u00e9lectrique HT\/MT\/BT\"}]},{\"@type\":\"WebSite\",\"@id\":\"https:\/\/www.sozetrap.com\/#website\",\"url\":\"https:\/\/www.sozetrap.com\/\",\"name\":\"sozetrap\",\"description\":\"Travaillons ensemble pour votre s\u00e9curit\u00e9\",\"publisher\":{\"@id\":\"https:\/\/www.sozetrap.com\/#organization\"},\"potentialAction\":[{\"@type\":\"SearchAction\",\"target\":{\"@type\":\"EntryPoint\",\"urlTemplate\":\"https:\/\/www.sozetrap.com\/?s={search_term_string}\"},\"query-input\":{\"@type\":\"PropertyValueSpecification\",\"valueRequired\":true,\"valueName\":\"search_term_string\"}}],\"inLanguage\":\"fr-FR\"},{\"@type\":\"Organization\",\"@id\":\"https:\/\/www.sozetrap.com\/#organization\",\"name\":\"sozetrap\",\"url\":\"https:\/\/www.sozetrap.com\/\",\"logo\":{\"@type\":\"ImageObject\",\"inLanguage\":\"fr-FR\",\"@id\":\"https:\/\/www.sozetrap.com\/#\/schema\/logo\/image\/\",\"url\":\"http:\/\/www.sozetrap.com\/wp-content\/uploads\/2024\/05\/logo-papier-entete-2024.jpg\",\"contentUrl\":\"http:\/\/www.sozetrap.com\/wp-content\/uploads\/2024\/05\/logo-papier-entete-2024.jpg\",\"width\":316,\"height\":263,\"caption\":\"sozetrap\"},\"image\":{\"@id\":\"https:\/\/www.sozetrap.com\/#\/schema\/logo\/image\/\"},\"sameAs\":[\"https:\/\/www.facebook.com\/sozetrap.sozetrap.560\/\"]}]}<\/script>\n<!-- \/ Yoast SEO plugin. -->","yoast_head_json":{"title":"Installation \u00e9lectrique HT\/MT\/BT - sozetrap","robots":{"index":"index","follow":"follow","max-snippet":"max-snippet:-1","max-image-preview":"max-image-preview:large","max-video-preview":"max-video-preview:-1"},"canonical":"http:\/\/www.sozetrap.com\/index.php\/installation-electrique-ht-mt-bt\/","og_locale":"fr_FR","og_type":"article","og_title":"Installation \u00e9lectrique HT\/MT\/BT - sozetrap","og_description":"Chez SOZETRAP, notre expertise se concentre sur l&rsquo;\u00e9lectricit\u00e9. Gr\u00e2ce \u00e0 notre solide exp\u00e9rience, nous effectuons des travaux qui r\u00e9pondent aux exigences de l&rsquo;industrie. Organisation : Le courant fort demeure une activit\u00e9 principale pour SOZETRAP. Notre exp\u00e9rience permet de r\u00e9aliser tous types de travaux en courants forts pour l&rsquo;industrie mais aussi pour le tertiaire, ou le [&hellip;]","og_url":"http:\/\/www.sozetrap.com\/index.php\/installation-electrique-ht-mt-bt\/","og_site_name":"sozetrap","article_publisher":"https:\/\/www.facebook.com\/sozetrap.sozetrap.560\/","article_modified_time":"2024-11-08T11:46:47+00:00","twitter_card":"summary_large_image","twitter_misc":{"Dur\u00e9e de lecture estim\u00e9e":"1 minute"},"schema":{"@context":"https:\/\/schema.org","@graph":[{"@type":"WebPage","@id":"http:\/\/www.sozetrap.com\/index.php\/installation-electrique-ht-mt-bt\/","url":"http:\/\/www.sozetrap.com\/index.php\/installation-electrique-ht-mt-bt\/","name":"Installation \u00e9lectrique HT\/MT\/BT - sozetrap","isPartOf":{"@id":"https:\/\/www.sozetrap.com\/#website"},"datePublished":"2024-11-08T11:43:18+00:00","dateModified":"2024-11-08T11:46:47+00:00","breadcrumb":{"@id":"http:\/\/www.sozetrap.com\/index.php\/installation-electrique-ht-mt-bt\/#breadcrumb"},"inLanguage":"fr-FR","potentialAction":[{"@type":"ReadAction","target":["http:\/\/www.sozetrap.com\/index.php\/installation-electrique-ht-mt-bt\/"]}]},{"@type":"BreadcrumbList","@id":"http:\/\/www.sozetrap.com\/index.php\/installation-electrique-ht-mt-bt\/#breadcrumb","itemListElement":[{"@type":"ListItem","position":1,"name":"Accueil","item":"https:\/\/www.sozetrap.com\/"},{"@type":"ListItem","position":2,"name":"Installation \u00e9lectrique HT\/MT\/BT"}]},{"@type":"WebSite","@id":"https:\/\/www.sozetrap.com\/#website","url":"https:\/\/www.sozetrap.com\/","name":"sozetrap","description":"Travaillons ensemble pour votre s\u00e9curit\u00e9","publisher":{"@id":"https:\/\/www.sozetrap.com\/#organization"},"potentialAction":[{"@type":"SearchAction","target":{"@type":"EntryPoint","urlTemplate":"https:\/\/www.sozetrap.com\/?s={search_term_string}"},"query-input":{"@type":"PropertyValueSpecification","valueRequired":true,"valueName":"search_term_string"}}],"inLanguage":"fr-FR"},{"@type":"Organization","@id":"https:\/\/www.sozetrap.com\/#organization","name":"sozetrap","url":"https:\/\/www.sozetrap.com\/","logo":{"@type":"ImageObject","inLanguage":"fr-FR","@id":"https:\/\/www.sozetrap.com\/#\/schema\/logo\/image\/","url":"http:\/\/www.sozetrap.com\/wp-content\/uploads\/2024\/05\/logo-papier-entete-2024.jpg","contentUrl":"http:\/\/www.sozetrap.com\/wp-content\/uploads\/2024\/05\/logo-papier-entete-2024.jpg","width":316,"height":263,"caption":"sozetrap"},"image":{"@id":"https:\/\/www.sozetrap.com\/#\/schema\/logo\/image\/"},"sameAs":["https:\/\/www.facebook.com\/sozetrap.sozetrap.560\/"]}]}},"jetpack_sharing_enabled":true,"_links":{"self":[{"href":"https:\/\/www.sozetrap.com\/index.php\/wp-json\/wp\/v2\/pages\/21141","targetHints":{"allow":["GET"]}}],"collection":[{"href":"https:\/\/www.sozetrap.com\/index.php\/wp-json\/wp\/v2\/pages"}],"about":[{"href":"https:\/\/www.sozetrap.com\/index.php\/wp-json\/wp\/v2\/types\/page"}],"author":[{"embeddable":true,"href":"https:\/\/www.sozetrap.com\/index.php\/wp-json\/wp\/v2\/users\/1"}],"replies":[{"embeddable":true,"href":"https:\/\/www.sozetrap.com\/index.php\/wp-json\/wp\/v2\/comments?post=21141"}],"version-history":[{"count":0,"href":"https:\/\/www.sozetrap.com\/index.php\/wp-json\/wp\/v2\/pages\/21141\/revisions"}],"wp:attachment":[{"href":"https:\/\/www.sozetrap.com\/index.php\/wp-json\/wp\/v2\/media?parent=21141"}],"curies":[{"name":"wp","href":"https:\/\/api.w.org\/{rel}","templated":true}]}}