{"id":20815,"date":"2024-11-02T12:02:31","date_gmt":"2024-11-02T11:02:31","guid":{"rendered":"https:\/\/www.sozetrap.com\/?post_type=product&#038;p=20815"},"modified":"2024-11-02T12:02:56","modified_gmt":"2024-11-02T11:02:56","slug":"ds-3t3512p","status":"publish","type":"product","link":"https:\/\/www.sozetrap.com\/index.php\/product\/ds-3t3512p\/","title":{"rendered":"DS-3T3512P"},"content":{"rendered":"<p>General<br \/>\nDimension (W \u00d7 H \u00d7 D) 140 mm \u00d7 52 mm \u00d7 110 mm (5.50&Prime; \u00d7 2.04&Prime; \u00d7 4.33&Prime;)<br \/>\nWorking Temperature -40\u00b0C to 75\u00b0C (-40\u00b0F to 167\u00b0F)<br \/>\nWorking Humidity 5% to 95% (no condensation)<br \/>\nAlimentation 48-57VDC, Redundant dual inputs ( Power supply unit is not included)<br \/>\nMax. Power Consumption 250 W<br \/>\nNetwork Parameters<br \/>\nMAC Address Table 8 K<br \/>\nPorts 8 \u00d7 Gigabit PoE port,4 \u00d7 Gigabit fiber optical port<br \/>\nSwitching Capacity<br \/>\nWhole-Device Performance: 24 Gbps<br \/>\nPort Performance: 24 Gbps<br \/>\nPacket Forwarding Rate<br \/>\nWhole-Device Performance: 17.85 Mpps<br \/>\nPort Performance: 17.85 Mpps<\/p>\n","protected":false},"excerpt":{"rendered":"<p>8 Port Gigabit Full Managed Industrial POE Switch<br \/>\n4 \u00d7 1000BaseX SFP Port, 8 \u00d7 802.3af\/at PoE\/PoE+ 10\/100\/1000BaseT Port, and 1 \u00d7 Management Serial CLI Port.<br \/>\nSupport static routing, policy routing, rip, OSPF and other three-layer routing protocols.<br \/>\nEasy network management by web browser, CLI, Telnet, serial console.<br \/>\nIGMP snooping and GRMP for filtering multicast traffic.<br \/>\nPort\u2010based VLAN, IEEE 802.1Q VLAN, and GVRP to ease network planning.<br \/>\nQoS (IEEE 802.1P\/1Q and TOS\/DiffServ) to increase determinism.<br \/>\nSNMPv1\/v2c\/v3 for different levels of network management.<br \/>\nSupport IEEE 802.3af\/at compliant PoE.<\/p>\n","protected":false},"featured_media":20816,"comment_status":"open","ping_status":"closed","template":"","meta":[],"product_cat":[67],"product_tag":[],"class_list":{"0":"post-20815","1":"product","2":"type-product","3":"status-publish","4":"has-post-thumbnail","6":"product_cat-reseaux","8":"first","9":"instock","10":"shipping-taxable","11":"product-type-simple"},"yoast_head":"<!-- This site is optimized with the Yoast SEO plugin v24.4 - https:\/\/yoast.com\/wordpress\/plugins\/seo\/ -->\n<title>DS-3T3512P - sozetrap<\/title>\n<meta name=\"robots\" content=\"index, follow, max-snippet:-1, max-image-preview:large, max-video-preview:-1\" \/>\n<link rel=\"canonical\" href=\"https:\/\/www.sozetrap.com\/index.php\/product\/ds-3t3512p\/\" \/>\n<meta property=\"og:locale\" content=\"fr_FR\" \/>\n<meta property=\"og:type\" content=\"article\" \/>\n<meta property=\"og:title\" content=\"DS-3T3512P - sozetrap\" \/>\n<meta property=\"og:description\" content=\"8 Port Gigabit Full Managed Industrial POE Switch 4 \u00d7 1000BaseX SFP Port, 8 \u00d7 802.3af\/at PoE\/PoE+ 10\/100\/1000BaseT Port, and 1 \u00d7 Management Serial CLI Port. Support static routing, policy routing, rip, OSPF and other three-layer routing protocols. Easy network management by web browser, CLI, Telnet, serial console. IGMP snooping and GRMP for filtering multicast traffic. Port\u2010based VLAN, IEEE 802.1Q VLAN, and GVRP to ease network planning. QoS (IEEE 802.1P\/1Q and TOS\/DiffServ) to increase determinism. SNMPv1\/v2c\/v3 for different levels of network management. Support IEEE 802.3af\/at compliant PoE.\" \/>\n<meta property=\"og:url\" content=\"https:\/\/www.sozetrap.com\/index.php\/product\/ds-3t3512p\/\" \/>\n<meta property=\"og:site_name\" content=\"sozetrap\" \/>\n<meta property=\"article:publisher\" content=\"https:\/\/www.facebook.com\/sozetrap.sozetrap.560\/\" \/>\n<meta property=\"article:modified_time\" content=\"2024-11-02T11:02:56+00:00\" \/>\n<meta property=\"og:image\" content=\"https:\/\/www.sozetrap.com\/wp-content\/uploads\/2024\/11\/switchDS.jpg\" \/>\n\t<meta property=\"og:image:width\" content=\"800\" \/>\n\t<meta property=\"og:image:height\" content=\"1210\" \/>\n\t<meta property=\"og:image:type\" content=\"image\/jpeg\" \/>\n<meta name=\"twitter:card\" content=\"summary_large_image\" \/>\n<script type=\"application\/ld+json\" class=\"yoast-schema-graph\">{\"@context\":\"https:\/\/schema.org\",\"@graph\":[{\"@type\":\"WebPage\",\"@id\":\"https:\/\/www.sozetrap.com\/index.php\/product\/ds-3t3512p\/\",\"url\":\"https:\/\/www.sozetrap.com\/index.php\/product\/ds-3t3512p\/\",\"name\":\"DS-3T3512P - sozetrap\",\"isPartOf\":{\"@id\":\"https:\/\/www.sozetrap.com\/#website\"},\"primaryImageOfPage\":{\"@id\":\"https:\/\/www.sozetrap.com\/index.php\/product\/ds-3t3512p\/#primaryimage\"},\"image\":{\"@id\":\"https:\/\/www.sozetrap.com\/index.php\/product\/ds-3t3512p\/#primaryimage\"},\"thumbnailUrl\":\"https:\/\/www.sozetrap.com\/wp-content\/uploads\/2024\/11\/switchDS.jpg\",\"datePublished\":\"2024-11-02T11:02:31+00:00\",\"dateModified\":\"2024-11-02T11:02:56+00:00\",\"breadcrumb\":{\"@id\":\"https:\/\/www.sozetrap.com\/index.php\/product\/ds-3t3512p\/#breadcrumb\"},\"inLanguage\":\"fr-FR\",\"potentialAction\":[{\"@type\":\"ReadAction\",\"target\":[\"https:\/\/www.sozetrap.com\/index.php\/product\/ds-3t3512p\/\"]}]},{\"@type\":\"ImageObject\",\"inLanguage\":\"fr-FR\",\"@id\":\"https:\/\/www.sozetrap.com\/index.php\/product\/ds-3t3512p\/#primaryimage\",\"url\":\"https:\/\/www.sozetrap.com\/wp-content\/uploads\/2024\/11\/switchDS.jpg\",\"contentUrl\":\"https:\/\/www.sozetrap.com\/wp-content\/uploads\/2024\/11\/switchDS.jpg\",\"width\":800,\"height\":1210},{\"@type\":\"BreadcrumbList\",\"@id\":\"https:\/\/www.sozetrap.com\/index.php\/product\/ds-3t3512p\/#breadcrumb\",\"itemListElement\":[{\"@type\":\"ListItem\",\"position\":1,\"name\":\"Accueil\",\"item\":\"https:\/\/www.sozetrap.com\/\"},{\"@type\":\"ListItem\",\"position\":2,\"name\":\"Produits\",\"item\":\"https:\/\/www.sozetrap.com\/index.php\/produits\/\"},{\"@type\":\"ListItem\",\"position\":3,\"name\":\"DS-3T3512P\"}]},{\"@type\":\"WebSite\",\"@id\":\"https:\/\/www.sozetrap.com\/#website\",\"url\":\"https:\/\/www.sozetrap.com\/\",\"name\":\"sozetrap\",\"description\":\"Travaillons ensemble pour votre s\u00e9curit\u00e9\",\"publisher\":{\"@id\":\"https:\/\/www.sozetrap.com\/#organization\"},\"potentialAction\":[{\"@type\":\"SearchAction\",\"target\":{\"@type\":\"EntryPoint\",\"urlTemplate\":\"https:\/\/www.sozetrap.com\/?s={search_term_string}\"},\"query-input\":{\"@type\":\"PropertyValueSpecification\",\"valueRequired\":true,\"valueName\":\"search_term_string\"}}],\"inLanguage\":\"fr-FR\"},{\"@type\":\"Organization\",\"@id\":\"https:\/\/www.sozetrap.com\/#organization\",\"name\":\"sozetrap\",\"url\":\"https:\/\/www.sozetrap.com\/\",\"logo\":{\"@type\":\"ImageObject\",\"inLanguage\":\"fr-FR\",\"@id\":\"https:\/\/www.sozetrap.com\/#\/schema\/logo\/image\/\",\"url\":\"http:\/\/www.sozetrap.com\/wp-content\/uploads\/2024\/05\/logo-papier-entete-2024.jpg\",\"contentUrl\":\"http:\/\/www.sozetrap.com\/wp-content\/uploads\/2024\/05\/logo-papier-entete-2024.jpg\",\"width\":316,\"height\":263,\"caption\":\"sozetrap\"},\"image\":{\"@id\":\"https:\/\/www.sozetrap.com\/#\/schema\/logo\/image\/\"},\"sameAs\":[\"https:\/\/www.facebook.com\/sozetrap.sozetrap.560\/\"]}]}<\/script>\n<!-- \/ Yoast SEO plugin. -->","yoast_head_json":{"title":"DS-3T3512P - sozetrap","robots":{"index":"index","follow":"follow","max-snippet":"max-snippet:-1","max-image-preview":"max-image-preview:large","max-video-preview":"max-video-preview:-1"},"canonical":"https:\/\/www.sozetrap.com\/index.php\/product\/ds-3t3512p\/","og_locale":"fr_FR","og_type":"article","og_title":"DS-3T3512P - sozetrap","og_description":"8 Port Gigabit Full Managed Industrial POE Switch 4 \u00d7 1000BaseX SFP Port, 8 \u00d7 802.3af\/at PoE\/PoE+ 10\/100\/1000BaseT Port, and 1 \u00d7 Management Serial CLI Port. Support static routing, policy routing, rip, OSPF and other three-layer routing protocols. Easy network management by web browser, CLI, Telnet, serial console. IGMP snooping and GRMP for filtering multicast traffic. Port\u2010based VLAN, IEEE 802.1Q VLAN, and GVRP to ease network planning. QoS (IEEE 802.1P\/1Q and TOS\/DiffServ) to increase determinism. SNMPv1\/v2c\/v3 for different levels of network management. Support IEEE 802.3af\/at compliant PoE.","og_url":"https:\/\/www.sozetrap.com\/index.php\/product\/ds-3t3512p\/","og_site_name":"sozetrap","article_publisher":"https:\/\/www.facebook.com\/sozetrap.sozetrap.560\/","article_modified_time":"2024-11-02T11:02:56+00:00","og_image":[{"width":800,"height":1210,"url":"https:\/\/www.sozetrap.com\/wp-content\/uploads\/2024\/11\/switchDS.jpg","type":"image\/jpeg"}],"twitter_card":"summary_large_image","schema":{"@context":"https:\/\/schema.org","@graph":[{"@type":"WebPage","@id":"https:\/\/www.sozetrap.com\/index.php\/product\/ds-3t3512p\/","url":"https:\/\/www.sozetrap.com\/index.php\/product\/ds-3t3512p\/","name":"DS-3T3512P - sozetrap","isPartOf":{"@id":"https:\/\/www.sozetrap.com\/#website"},"primaryImageOfPage":{"@id":"https:\/\/www.sozetrap.com\/index.php\/product\/ds-3t3512p\/#primaryimage"},"image":{"@id":"https:\/\/www.sozetrap.com\/index.php\/product\/ds-3t3512p\/#primaryimage"},"thumbnailUrl":"https:\/\/www.sozetrap.com\/wp-content\/uploads\/2024\/11\/switchDS.jpg","datePublished":"2024-11-02T11:02:31+00:00","dateModified":"2024-11-02T11:02:56+00:00","breadcrumb":{"@id":"https:\/\/www.sozetrap.com\/index.php\/product\/ds-3t3512p\/#breadcrumb"},"inLanguage":"fr-FR","potentialAction":[{"@type":"ReadAction","target":["https:\/\/www.sozetrap.com\/index.php\/product\/ds-3t3512p\/"]}]},{"@type":"ImageObject","inLanguage":"fr-FR","@id":"https:\/\/www.sozetrap.com\/index.php\/product\/ds-3t3512p\/#primaryimage","url":"https:\/\/www.sozetrap.com\/wp-content\/uploads\/2024\/11\/switchDS.jpg","contentUrl":"https:\/\/www.sozetrap.com\/wp-content\/uploads\/2024\/11\/switchDS.jpg","width":800,"height":1210},{"@type":"BreadcrumbList","@id":"https:\/\/www.sozetrap.com\/index.php\/product\/ds-3t3512p\/#breadcrumb","itemListElement":[{"@type":"ListItem","position":1,"name":"Accueil","item":"https:\/\/www.sozetrap.com\/"},{"@type":"ListItem","position":2,"name":"Produits","item":"https:\/\/www.sozetrap.com\/index.php\/produits\/"},{"@type":"ListItem","position":3,"name":"DS-3T3512P"}]},{"@type":"WebSite","@id":"https:\/\/www.sozetrap.com\/#website","url":"https:\/\/www.sozetrap.com\/","name":"sozetrap","description":"Travaillons ensemble pour votre s\u00e9curit\u00e9","publisher":{"@id":"https:\/\/www.sozetrap.com\/#organization"},"potentialAction":[{"@type":"SearchAction","target":{"@type":"EntryPoint","urlTemplate":"https:\/\/www.sozetrap.com\/?s={search_term_string}"},"query-input":{"@type":"PropertyValueSpecification","valueRequired":true,"valueName":"search_term_string"}}],"inLanguage":"fr-FR"},{"@type":"Organization","@id":"https:\/\/www.sozetrap.com\/#organization","name":"sozetrap","url":"https:\/\/www.sozetrap.com\/","logo":{"@type":"ImageObject","inLanguage":"fr-FR","@id":"https:\/\/www.sozetrap.com\/#\/schema\/logo\/image\/","url":"http:\/\/www.sozetrap.com\/wp-content\/uploads\/2024\/05\/logo-papier-entete-2024.jpg","contentUrl":"http:\/\/www.sozetrap.com\/wp-content\/uploads\/2024\/05\/logo-papier-entete-2024.jpg","width":316,"height":263,"caption":"sozetrap"},"image":{"@id":"https:\/\/www.sozetrap.com\/#\/schema\/logo\/image\/"},"sameAs":["https:\/\/www.facebook.com\/sozetrap.sozetrap.560\/"]}]}},"jetpack_sharing_enabled":true,"_links":{"self":[{"href":"https:\/\/www.sozetrap.com\/index.php\/wp-json\/wp\/v2\/product\/20815","targetHints":{"allow":["GET"]}}],"collection":[{"href":"https:\/\/www.sozetrap.com\/index.php\/wp-json\/wp\/v2\/product"}],"about":[{"href":"https:\/\/www.sozetrap.com\/index.php\/wp-json\/wp\/v2\/types\/product"}],"replies":[{"embeddable":true,"href":"https:\/\/www.sozetrap.com\/index.php\/wp-json\/wp\/v2\/comments?post=20815"}],"wp:featuredmedia":[{"embeddable":true,"href":"https:\/\/www.sozetrap.com\/index.php\/wp-json\/wp\/v2\/media\/20816"}],"wp:attachment":[{"href":"https:\/\/www.sozetrap.com\/index.php\/wp-json\/wp\/v2\/media?parent=20815"}],"wp:term":[{"taxonomy":"product_cat","embeddable":true,"href":"https:\/\/www.sozetrap.com\/index.php\/wp-json\/wp\/v2\/product_cat?post=20815"},{"taxonomy":"product_tag","embeddable":true,"href":"https:\/\/www.sozetrap.com\/index.php\/wp-json\/wp\/v2\/product_tag?post=20815"}],"curies":[{"name":"wp","href":"https:\/\/api.w.org\/{rel}","templated":true}]}}