{"id":20829,"date":"2024-11-02T12:28:51","date_gmt":"2024-11-02T11:28:51","guid":{"rendered":"https:\/\/www.sozetrap.com\/?post_type=product&#038;p=20829"},"modified":"2024-11-02T12:28:51","modified_gmt":"2024-11-02T11:28:51","slug":"tl-sf1024d","status":"publish","type":"product","link":"https:\/\/www.sozetrap.com\/index.php\/product\/tl-sf1024d\/","title":{"rendered":"TL-SF1024D"},"content":{"rendered":"","protected":false},"excerpt":{"rendered":"<p>TP-Link TL-SF1024D Switch 24 Ports 10\/100 Mbps (Bureau\/Rackable, Bo\u00eetier M\u00e9tal)<br \/>\nMarque\tTP-Link<br \/>\nNombre de ports\t24<br \/>\nType d&rsquo;interrupteur\tCommutateur de r\u00e9seau<br \/>\nPoids de l&rsquo;article\t1,3 Kilogrammes<br \/>\nPlateforme\tWindows<br \/>\nType d&rsquo;interface\tRJ45<\/p>\n","protected":false},"featured_media":20830,"comment_status":"open","ping_status":"closed","template":"","meta":[],"product_cat":[67],"product_tag":[],"class_list":{"0":"post-20829","1":"product","2":"type-product","3":"status-publish","4":"has-post-thumbnail","6":"product_cat-reseaux","8":"first","9":"instock","10":"shipping-taxable","11":"product-type-simple"},"yoast_head":"<!-- This site is optimized with the Yoast SEO plugin v24.4 - https:\/\/yoast.com\/wordpress\/plugins\/seo\/ -->\n<title>TL-SF1024D - sozetrap<\/title>\n<meta name=\"robots\" content=\"index, follow, max-snippet:-1, max-image-preview:large, max-video-preview:-1\" \/>\n<link rel=\"canonical\" href=\"http:\/\/www.sozetrap.com\/index.php\/product\/tl-sf1024d\/\" \/>\n<meta property=\"og:locale\" content=\"fr_FR\" \/>\n<meta property=\"og:type\" content=\"article\" \/>\n<meta property=\"og:title\" content=\"TL-SF1024D - sozetrap\" \/>\n<meta property=\"og:description\" content=\"TP-Link TL-SF1024D Switch 24 Ports 10\/100 Mbps (Bureau\/Rackable, Bo\u00eetier M\u00e9tal) Marque TP-Link Nombre de ports 24 Type d&#039;interrupteur Commutateur de r\u00e9seau Poids de l&#039;article 1,3 Kilogrammes Plateforme Windows Type d&#039;interface RJ45\" \/>\n<meta property=\"og:url\" content=\"http:\/\/www.sozetrap.com\/index.php\/product\/tl-sf1024d\/\" \/>\n<meta property=\"og:site_name\" content=\"sozetrap\" \/>\n<meta property=\"article:publisher\" content=\"https:\/\/www.facebook.com\/sozetrap.sozetrap.560\/\" \/>\n<meta property=\"og:image\" content=\"http:\/\/www.sozetrap.com\/wp-content\/uploads\/2024\/11\/tplink24p.jpg\" \/>\n\t<meta property=\"og:image:width\" content=\"569\" \/>\n\t<meta property=\"og:image:height\" content=\"164\" \/>\n\t<meta property=\"og:image:type\" content=\"image\/jpeg\" \/>\n<meta name=\"twitter:card\" content=\"summary_large_image\" \/>\n<script type=\"application\/ld+json\" class=\"yoast-schema-graph\">{\"@context\":\"https:\/\/schema.org\",\"@graph\":[{\"@type\":\"WebPage\",\"@id\":\"http:\/\/www.sozetrap.com\/index.php\/product\/tl-sf1024d\/\",\"url\":\"http:\/\/www.sozetrap.com\/index.php\/product\/tl-sf1024d\/\",\"name\":\"TL-SF1024D - sozetrap\",\"isPartOf\":{\"@id\":\"https:\/\/www.sozetrap.com\/#website\"},\"primaryImageOfPage\":{\"@id\":\"http:\/\/www.sozetrap.com\/index.php\/product\/tl-sf1024d\/#primaryimage\"},\"image\":{\"@id\":\"http:\/\/www.sozetrap.com\/index.php\/product\/tl-sf1024d\/#primaryimage\"},\"thumbnailUrl\":\"https:\/\/www.sozetrap.com\/wp-content\/uploads\/2024\/11\/tplink24p.jpg\",\"datePublished\":\"2024-11-02T11:28:51+00:00\",\"breadcrumb\":{\"@id\":\"http:\/\/www.sozetrap.com\/index.php\/product\/tl-sf1024d\/#breadcrumb\"},\"inLanguage\":\"fr-FR\",\"potentialAction\":[{\"@type\":\"ReadAction\",\"target\":[\"http:\/\/www.sozetrap.com\/index.php\/product\/tl-sf1024d\/\"]}]},{\"@type\":\"ImageObject\",\"inLanguage\":\"fr-FR\",\"@id\":\"http:\/\/www.sozetrap.com\/index.php\/product\/tl-sf1024d\/#primaryimage\",\"url\":\"https:\/\/www.sozetrap.com\/wp-content\/uploads\/2024\/11\/tplink24p.jpg\",\"contentUrl\":\"https:\/\/www.sozetrap.com\/wp-content\/uploads\/2024\/11\/tplink24p.jpg\",\"width\":569,\"height\":164},{\"@type\":\"BreadcrumbList\",\"@id\":\"http:\/\/www.sozetrap.com\/index.php\/product\/tl-sf1024d\/#breadcrumb\",\"itemListElement\":[{\"@type\":\"ListItem\",\"position\":1,\"name\":\"Accueil\",\"item\":\"https:\/\/www.sozetrap.com\/\"},{\"@type\":\"ListItem\",\"position\":2,\"name\":\"Produits\",\"item\":\"https:\/\/www.sozetrap.com\/index.php\/produits\/\"},{\"@type\":\"ListItem\",\"position\":3,\"name\":\"TL-SF1024D\"}]},{\"@type\":\"WebSite\",\"@id\":\"https:\/\/www.sozetrap.com\/#website\",\"url\":\"https:\/\/www.sozetrap.com\/\",\"name\":\"sozetrap\",\"description\":\"Travaillons ensemble pour votre s\u00e9curit\u00e9\",\"publisher\":{\"@id\":\"https:\/\/www.sozetrap.com\/#organization\"},\"potentialAction\":[{\"@type\":\"SearchAction\",\"target\":{\"@type\":\"EntryPoint\",\"urlTemplate\":\"https:\/\/www.sozetrap.com\/?s={search_term_string}\"},\"query-input\":{\"@type\":\"PropertyValueSpecification\",\"valueRequired\":true,\"valueName\":\"search_term_string\"}}],\"inLanguage\":\"fr-FR\"},{\"@type\":\"Organization\",\"@id\":\"https:\/\/www.sozetrap.com\/#organization\",\"name\":\"sozetrap\",\"url\":\"https:\/\/www.sozetrap.com\/\",\"logo\":{\"@type\":\"ImageObject\",\"inLanguage\":\"fr-FR\",\"@id\":\"https:\/\/www.sozetrap.com\/#\/schema\/logo\/image\/\",\"url\":\"http:\/\/www.sozetrap.com\/wp-content\/uploads\/2024\/05\/logo-papier-entete-2024.jpg\",\"contentUrl\":\"http:\/\/www.sozetrap.com\/wp-content\/uploads\/2024\/05\/logo-papier-entete-2024.jpg\",\"width\":316,\"height\":263,\"caption\":\"sozetrap\"},\"image\":{\"@id\":\"https:\/\/www.sozetrap.com\/#\/schema\/logo\/image\/\"},\"sameAs\":[\"https:\/\/www.facebook.com\/sozetrap.sozetrap.560\/\"]}]}<\/script>\n<!-- \/ Yoast SEO plugin. -->","yoast_head_json":{"title":"TL-SF1024D - sozetrap","robots":{"index":"index","follow":"follow","max-snippet":"max-snippet:-1","max-image-preview":"max-image-preview:large","max-video-preview":"max-video-preview:-1"},"canonical":"http:\/\/www.sozetrap.com\/index.php\/product\/tl-sf1024d\/","og_locale":"fr_FR","og_type":"article","og_title":"TL-SF1024D - sozetrap","og_description":"TP-Link TL-SF1024D Switch 24 Ports 10\/100 Mbps (Bureau\/Rackable, Bo\u00eetier M\u00e9tal) Marque TP-Link Nombre de ports 24 Type d'interrupteur Commutateur de r\u00e9seau Poids de l'article 1,3 Kilogrammes Plateforme Windows Type d'interface RJ45","og_url":"http:\/\/www.sozetrap.com\/index.php\/product\/tl-sf1024d\/","og_site_name":"sozetrap","article_publisher":"https:\/\/www.facebook.com\/sozetrap.sozetrap.560\/","og_image":[{"width":569,"height":164,"url":"http:\/\/www.sozetrap.com\/wp-content\/uploads\/2024\/11\/tplink24p.jpg","type":"image\/jpeg"}],"twitter_card":"summary_large_image","schema":{"@context":"https:\/\/schema.org","@graph":[{"@type":"WebPage","@id":"http:\/\/www.sozetrap.com\/index.php\/product\/tl-sf1024d\/","url":"http:\/\/www.sozetrap.com\/index.php\/product\/tl-sf1024d\/","name":"TL-SF1024D - sozetrap","isPartOf":{"@id":"https:\/\/www.sozetrap.com\/#website"},"primaryImageOfPage":{"@id":"http:\/\/www.sozetrap.com\/index.php\/product\/tl-sf1024d\/#primaryimage"},"image":{"@id":"http:\/\/www.sozetrap.com\/index.php\/product\/tl-sf1024d\/#primaryimage"},"thumbnailUrl":"https:\/\/www.sozetrap.com\/wp-content\/uploads\/2024\/11\/tplink24p.jpg","datePublished":"2024-11-02T11:28:51+00:00","breadcrumb":{"@id":"http:\/\/www.sozetrap.com\/index.php\/product\/tl-sf1024d\/#breadcrumb"},"inLanguage":"fr-FR","potentialAction":[{"@type":"ReadAction","target":["http:\/\/www.sozetrap.com\/index.php\/product\/tl-sf1024d\/"]}]},{"@type":"ImageObject","inLanguage":"fr-FR","@id":"http:\/\/www.sozetrap.com\/index.php\/product\/tl-sf1024d\/#primaryimage","url":"https:\/\/www.sozetrap.com\/wp-content\/uploads\/2024\/11\/tplink24p.jpg","contentUrl":"https:\/\/www.sozetrap.com\/wp-content\/uploads\/2024\/11\/tplink24p.jpg","width":569,"height":164},{"@type":"BreadcrumbList","@id":"http:\/\/www.sozetrap.com\/index.php\/product\/tl-sf1024d\/#breadcrumb","itemListElement":[{"@type":"ListItem","position":1,"name":"Accueil","item":"https:\/\/www.sozetrap.com\/"},{"@type":"ListItem","position":2,"name":"Produits","item":"https:\/\/www.sozetrap.com\/index.php\/produits\/"},{"@type":"ListItem","position":3,"name":"TL-SF1024D"}]},{"@type":"WebSite","@id":"https:\/\/www.sozetrap.com\/#website","url":"https:\/\/www.sozetrap.com\/","name":"sozetrap","description":"Travaillons ensemble pour votre s\u00e9curit\u00e9","publisher":{"@id":"https:\/\/www.sozetrap.com\/#organization"},"potentialAction":[{"@type":"SearchAction","target":{"@type":"EntryPoint","urlTemplate":"https:\/\/www.sozetrap.com\/?s={search_term_string}"},"query-input":{"@type":"PropertyValueSpecification","valueRequired":true,"valueName":"search_term_string"}}],"inLanguage":"fr-FR"},{"@type":"Organization","@id":"https:\/\/www.sozetrap.com\/#organization","name":"sozetrap","url":"https:\/\/www.sozetrap.com\/","logo":{"@type":"ImageObject","inLanguage":"fr-FR","@id":"https:\/\/www.sozetrap.com\/#\/schema\/logo\/image\/","url":"http:\/\/www.sozetrap.com\/wp-content\/uploads\/2024\/05\/logo-papier-entete-2024.jpg","contentUrl":"http:\/\/www.sozetrap.com\/wp-content\/uploads\/2024\/05\/logo-papier-entete-2024.jpg","width":316,"height":263,"caption":"sozetrap"},"image":{"@id":"https:\/\/www.sozetrap.com\/#\/schema\/logo\/image\/"},"sameAs":["https:\/\/www.facebook.com\/sozetrap.sozetrap.560\/"]}]}},"jetpack_sharing_enabled":true,"_links":{"self":[{"href":"https:\/\/www.sozetrap.com\/index.php\/wp-json\/wp\/v2\/product\/20829","targetHints":{"allow":["GET"]}}],"collection":[{"href":"https:\/\/www.sozetrap.com\/index.php\/wp-json\/wp\/v2\/product"}],"about":[{"href":"https:\/\/www.sozetrap.com\/index.php\/wp-json\/wp\/v2\/types\/product"}],"replies":[{"embeddable":true,"href":"https:\/\/www.sozetrap.com\/index.php\/wp-json\/wp\/v2\/comments?post=20829"}],"wp:featuredmedia":[{"embeddable":true,"href":"https:\/\/www.sozetrap.com\/index.php\/wp-json\/wp\/v2\/media\/20830"}],"wp:attachment":[{"href":"https:\/\/www.sozetrap.com\/index.php\/wp-json\/wp\/v2\/media?parent=20829"}],"wp:term":[{"taxonomy":"product_cat","embeddable":true,"href":"https:\/\/www.sozetrap.com\/index.php\/wp-json\/wp\/v2\/product_cat?post=20829"},{"taxonomy":"product_tag","embeddable":true,"href":"https:\/\/www.sozetrap.com\/index.php\/wp-json\/wp\/v2\/product_tag?post=20829"}],"curies":[{"name":"wp","href":"https:\/\/api.w.org\/{rel}","templated":true}]}}