{"id":20833,"date":"2024-11-02T12:33:55","date_gmt":"2024-11-02T11:33:55","guid":{"rendered":"https:\/\/www.sozetrap.com\/?post_type=product&#038;p=20833"},"modified":"2024-11-02T12:38:30","modified_gmt":"2024-11-02T11:38:30","slug":"dgs-1024d","status":"publish","type":"product","link":"https:\/\/www.sozetrap.com\/index.php\/product\/dgs-1024d\/","title":{"rendered":"DGS-1024D"},"content":{"rendered":"<p>D-Link DGS-1024D Switch 24 Ports Gigabit Metallique 10\/100\/1000mbps<br \/>\nMarque\tD-Link<br \/>\nNombre de ports\t24<br \/>\nAppareils compatibles\tOrdinateur<br \/>\nType d&rsquo;interrupteur\tDPDT<br \/>\nDimensions du produit\t28L x 18l x 4,4H centim\u00e8tres<br \/>\nPoids de l&rsquo;article\t1,3 Kilogrammes<br \/>\nPlateforme\tPas de plate-forme sp\u00e9cifique<br \/>\nTension\t220 Volts<\/p>\n","protected":false},"excerpt":{"rendered":"<p>Switch 24 ports Gigabit &#8211; M\u00e9tallique &#038; Rackable<br \/>\nDGS-1024D<br \/>\nCe switch offer 24 ports Gigabit au format classique Ethernet pour une compatibilit\u00e9 parfaite avec les c\u00e2bles r\u00e9seau existants. Ce switch de bureau constitue une solution alternative peu co\u00fbteuse \u00e0 la fibre optique pour les installations des particuliers et des petites entreprises. Gr\u00e2ce \u00e0 la technologie Gigabit Ethernet, la bande passante plus large peut g\u00e9rer des charges de r\u00e9seau accrues.<\/p>\n<p><a href=\"http:\/\/www.sozetrap.com\/wp-content\/uploads\/2024\/11\/DGS1016D1024DI2Datasheetv100WW.pdf\">T\u00e9l\u00e9charger la fiche technique. <\/a><\/p>\n","protected":false},"featured_media":20834,"comment_status":"open","ping_status":"closed","template":"","meta":[],"product_cat":[67],"product_tag":[],"class_list":{"0":"post-20833","1":"product","2":"type-product","3":"status-publish","4":"has-post-thumbnail","6":"product_cat-reseaux","8":"first","9":"instock","10":"shipping-taxable","11":"product-type-simple"},"yoast_head":"<!-- This site is optimized with the Yoast SEO plugin v24.4 - https:\/\/yoast.com\/wordpress\/plugins\/seo\/ -->\n<title>DGS-1024D - sozetrap<\/title>\n<meta name=\"robots\" content=\"index, follow, max-snippet:-1, max-image-preview:large, max-video-preview:-1\" \/>\n<link rel=\"canonical\" href=\"https:\/\/www.sozetrap.com\/index.php\/product\/dgs-1024d\/\" \/>\n<meta property=\"og:locale\" content=\"fr_FR\" \/>\n<meta property=\"og:type\" content=\"article\" \/>\n<meta property=\"og:title\" content=\"DGS-1024D - sozetrap\" \/>\n<meta property=\"og:description\" content=\"Switch 24 ports Gigabit - M\u00e9tallique &amp; Rackable DGS-1024D Ce switch offer 24 ports Gigabit au format classique Ethernet pour une compatibilit\u00e9 parfaite avec les c\u00e2bles r\u00e9seau existants. Ce switch de bureau constitue une solution alternative peu co\u00fbteuse \u00e0 la fibre optique pour les installations des particuliers et des petites entreprises. Gr\u00e2ce \u00e0 la technologie Gigabit Ethernet, la bande passante plus large peut g\u00e9rer des charges de r\u00e9seau accrues.  T\u00e9l\u00e9charger la fiche technique.\" \/>\n<meta property=\"og:url\" content=\"https:\/\/www.sozetrap.com\/index.php\/product\/dgs-1024d\/\" \/>\n<meta property=\"og:site_name\" content=\"sozetrap\" \/>\n<meta property=\"article:publisher\" content=\"https:\/\/www.facebook.com\/sozetrap.sozetrap.560\/\" \/>\n<meta property=\"article:modified_time\" content=\"2024-11-02T11:38:30+00:00\" \/>\n<meta property=\"og:image\" content=\"https:\/\/www.sozetrap.com\/wp-content\/uploads\/2024\/11\/dlink24.jpg\" \/>\n\t<meta property=\"og:image:width\" content=\"355\" \/>\n\t<meta property=\"og:image:height\" content=\"141\" \/>\n\t<meta property=\"og:image:type\" content=\"image\/jpeg\" \/>\n<meta name=\"twitter:card\" content=\"summary_large_image\" \/>\n<script type=\"application\/ld+json\" class=\"yoast-schema-graph\">{\"@context\":\"https:\/\/schema.org\",\"@graph\":[{\"@type\":\"WebPage\",\"@id\":\"https:\/\/www.sozetrap.com\/index.php\/product\/dgs-1024d\/\",\"url\":\"https:\/\/www.sozetrap.com\/index.php\/product\/dgs-1024d\/\",\"name\":\"DGS-1024D - sozetrap\",\"isPartOf\":{\"@id\":\"https:\/\/www.sozetrap.com\/#website\"},\"primaryImageOfPage\":{\"@id\":\"https:\/\/www.sozetrap.com\/index.php\/product\/dgs-1024d\/#primaryimage\"},\"image\":{\"@id\":\"https:\/\/www.sozetrap.com\/index.php\/product\/dgs-1024d\/#primaryimage\"},\"thumbnailUrl\":\"https:\/\/www.sozetrap.com\/wp-content\/uploads\/2024\/11\/dlink24.jpg\",\"datePublished\":\"2024-11-02T11:33:55+00:00\",\"dateModified\":\"2024-11-02T11:38:30+00:00\",\"breadcrumb\":{\"@id\":\"https:\/\/www.sozetrap.com\/index.php\/product\/dgs-1024d\/#breadcrumb\"},\"inLanguage\":\"fr-FR\",\"potentialAction\":[{\"@type\":\"ReadAction\",\"target\":[\"https:\/\/www.sozetrap.com\/index.php\/product\/dgs-1024d\/\"]}]},{\"@type\":\"ImageObject\",\"inLanguage\":\"fr-FR\",\"@id\":\"https:\/\/www.sozetrap.com\/index.php\/product\/dgs-1024d\/#primaryimage\",\"url\":\"https:\/\/www.sozetrap.com\/wp-content\/uploads\/2024\/11\/dlink24.jpg\",\"contentUrl\":\"https:\/\/www.sozetrap.com\/wp-content\/uploads\/2024\/11\/dlink24.jpg\",\"width\":355,\"height\":141},{\"@type\":\"BreadcrumbList\",\"@id\":\"https:\/\/www.sozetrap.com\/index.php\/product\/dgs-1024d\/#breadcrumb\",\"itemListElement\":[{\"@type\":\"ListItem\",\"position\":1,\"name\":\"Accueil\",\"item\":\"https:\/\/www.sozetrap.com\/\"},{\"@type\":\"ListItem\",\"position\":2,\"name\":\"Produits\",\"item\":\"https:\/\/www.sozetrap.com\/index.php\/produits\/\"},{\"@type\":\"ListItem\",\"position\":3,\"name\":\"DGS-1024D\"}]},{\"@type\":\"WebSite\",\"@id\":\"https:\/\/www.sozetrap.com\/#website\",\"url\":\"https:\/\/www.sozetrap.com\/\",\"name\":\"sozetrap\",\"description\":\"Travaillons ensemble pour votre s\u00e9curit\u00e9\",\"publisher\":{\"@id\":\"https:\/\/www.sozetrap.com\/#organization\"},\"potentialAction\":[{\"@type\":\"SearchAction\",\"target\":{\"@type\":\"EntryPoint\",\"urlTemplate\":\"https:\/\/www.sozetrap.com\/?s={search_term_string}\"},\"query-input\":{\"@type\":\"PropertyValueSpecification\",\"valueRequired\":true,\"valueName\":\"search_term_string\"}}],\"inLanguage\":\"fr-FR\"},{\"@type\":\"Organization\",\"@id\":\"https:\/\/www.sozetrap.com\/#organization\",\"name\":\"sozetrap\",\"url\":\"https:\/\/www.sozetrap.com\/\",\"logo\":{\"@type\":\"ImageObject\",\"inLanguage\":\"fr-FR\",\"@id\":\"https:\/\/www.sozetrap.com\/#\/schema\/logo\/image\/\",\"url\":\"http:\/\/www.sozetrap.com\/wp-content\/uploads\/2024\/05\/logo-papier-entete-2024.jpg\",\"contentUrl\":\"http:\/\/www.sozetrap.com\/wp-content\/uploads\/2024\/05\/logo-papier-entete-2024.jpg\",\"width\":316,\"height\":263,\"caption\":\"sozetrap\"},\"image\":{\"@id\":\"https:\/\/www.sozetrap.com\/#\/schema\/logo\/image\/\"},\"sameAs\":[\"https:\/\/www.facebook.com\/sozetrap.sozetrap.560\/\"]}]}<\/script>\n<!-- \/ Yoast SEO plugin. -->","yoast_head_json":{"title":"DGS-1024D - sozetrap","robots":{"index":"index","follow":"follow","max-snippet":"max-snippet:-1","max-image-preview":"max-image-preview:large","max-video-preview":"max-video-preview:-1"},"canonical":"https:\/\/www.sozetrap.com\/index.php\/product\/dgs-1024d\/","og_locale":"fr_FR","og_type":"article","og_title":"DGS-1024D - sozetrap","og_description":"Switch 24 ports Gigabit - M\u00e9tallique & Rackable DGS-1024D Ce switch offer 24 ports Gigabit au format classique Ethernet pour une compatibilit\u00e9 parfaite avec les c\u00e2bles r\u00e9seau existants. Ce switch de bureau constitue une solution alternative peu co\u00fbteuse \u00e0 la fibre optique pour les installations des particuliers et des petites entreprises. Gr\u00e2ce \u00e0 la technologie Gigabit Ethernet, la bande passante plus large peut g\u00e9rer des charges de r\u00e9seau accrues.  T\u00e9l\u00e9charger la fiche technique.","og_url":"https:\/\/www.sozetrap.com\/index.php\/product\/dgs-1024d\/","og_site_name":"sozetrap","article_publisher":"https:\/\/www.facebook.com\/sozetrap.sozetrap.560\/","article_modified_time":"2024-11-02T11:38:30+00:00","og_image":[{"width":355,"height":141,"url":"https:\/\/www.sozetrap.com\/wp-content\/uploads\/2024\/11\/dlink24.jpg","type":"image\/jpeg"}],"twitter_card":"summary_large_image","schema":{"@context":"https:\/\/schema.org","@graph":[{"@type":"WebPage","@id":"https:\/\/www.sozetrap.com\/index.php\/product\/dgs-1024d\/","url":"https:\/\/www.sozetrap.com\/index.php\/product\/dgs-1024d\/","name":"DGS-1024D - sozetrap","isPartOf":{"@id":"https:\/\/www.sozetrap.com\/#website"},"primaryImageOfPage":{"@id":"https:\/\/www.sozetrap.com\/index.php\/product\/dgs-1024d\/#primaryimage"},"image":{"@id":"https:\/\/www.sozetrap.com\/index.php\/product\/dgs-1024d\/#primaryimage"},"thumbnailUrl":"https:\/\/www.sozetrap.com\/wp-content\/uploads\/2024\/11\/dlink24.jpg","datePublished":"2024-11-02T11:33:55+00:00","dateModified":"2024-11-02T11:38:30+00:00","breadcrumb":{"@id":"https:\/\/www.sozetrap.com\/index.php\/product\/dgs-1024d\/#breadcrumb"},"inLanguage":"fr-FR","potentialAction":[{"@type":"ReadAction","target":["https:\/\/www.sozetrap.com\/index.php\/product\/dgs-1024d\/"]}]},{"@type":"ImageObject","inLanguage":"fr-FR","@id":"https:\/\/www.sozetrap.com\/index.php\/product\/dgs-1024d\/#primaryimage","url":"https:\/\/www.sozetrap.com\/wp-content\/uploads\/2024\/11\/dlink24.jpg","contentUrl":"https:\/\/www.sozetrap.com\/wp-content\/uploads\/2024\/11\/dlink24.jpg","width":355,"height":141},{"@type":"BreadcrumbList","@id":"https:\/\/www.sozetrap.com\/index.php\/product\/dgs-1024d\/#breadcrumb","itemListElement":[{"@type":"ListItem","position":1,"name":"Accueil","item":"https:\/\/www.sozetrap.com\/"},{"@type":"ListItem","position":2,"name":"Produits","item":"https:\/\/www.sozetrap.com\/index.php\/produits\/"},{"@type":"ListItem","position":3,"name":"DGS-1024D"}]},{"@type":"WebSite","@id":"https:\/\/www.sozetrap.com\/#website","url":"https:\/\/www.sozetrap.com\/","name":"sozetrap","description":"Travaillons ensemble pour votre s\u00e9curit\u00e9","publisher":{"@id":"https:\/\/www.sozetrap.com\/#organization"},"potentialAction":[{"@type":"SearchAction","target":{"@type":"EntryPoint","urlTemplate":"https:\/\/www.sozetrap.com\/?s={search_term_string}"},"query-input":{"@type":"PropertyValueSpecification","valueRequired":true,"valueName":"search_term_string"}}],"inLanguage":"fr-FR"},{"@type":"Organization","@id":"https:\/\/www.sozetrap.com\/#organization","name":"sozetrap","url":"https:\/\/www.sozetrap.com\/","logo":{"@type":"ImageObject","inLanguage":"fr-FR","@id":"https:\/\/www.sozetrap.com\/#\/schema\/logo\/image\/","url":"http:\/\/www.sozetrap.com\/wp-content\/uploads\/2024\/05\/logo-papier-entete-2024.jpg","contentUrl":"http:\/\/www.sozetrap.com\/wp-content\/uploads\/2024\/05\/logo-papier-entete-2024.jpg","width":316,"height":263,"caption":"sozetrap"},"image":{"@id":"https:\/\/www.sozetrap.com\/#\/schema\/logo\/image\/"},"sameAs":["https:\/\/www.facebook.com\/sozetrap.sozetrap.560\/"]}]}},"jetpack_sharing_enabled":true,"_links":{"self":[{"href":"https:\/\/www.sozetrap.com\/index.php\/wp-json\/wp\/v2\/product\/20833","targetHints":{"allow":["GET"]}}],"collection":[{"href":"https:\/\/www.sozetrap.com\/index.php\/wp-json\/wp\/v2\/product"}],"about":[{"href":"https:\/\/www.sozetrap.com\/index.php\/wp-json\/wp\/v2\/types\/product"}],"replies":[{"embeddable":true,"href":"https:\/\/www.sozetrap.com\/index.php\/wp-json\/wp\/v2\/comments?post=20833"}],"wp:featuredmedia":[{"embeddable":true,"href":"https:\/\/www.sozetrap.com\/index.php\/wp-json\/wp\/v2\/media\/20834"}],"wp:attachment":[{"href":"https:\/\/www.sozetrap.com\/index.php\/wp-json\/wp\/v2\/media?parent=20833"}],"wp:term":[{"taxonomy":"product_cat","embeddable":true,"href":"https:\/\/www.sozetrap.com\/index.php\/wp-json\/wp\/v2\/product_cat?post=20833"},{"taxonomy":"product_tag","embeddable":true,"href":"https:\/\/www.sozetrap.com\/index.php\/wp-json\/wp\/v2\/product_tag?post=20833"}],"curies":[{"name":"wp","href":"https:\/\/api.w.org\/{rel}","templated":true}]}}