{"id":20855,"date":"2024-11-02T14:01:24","date_gmt":"2024-11-02T13:01:24","guid":{"rendered":"https:\/\/www.sozetrap.com\/?post_type=product&#038;p=20855"},"modified":"2024-11-02T14:01:24","modified_gmt":"2024-11-02T13:01:24","slug":"centrale-de-detection-incendie","status":"publish","type":"product","link":"https:\/\/www.sozetrap.com\/index.php\/product\/centrale-de-detection-incendie\/","title":{"rendered":"Centrale de d\u00e9tection incendie"},"content":{"rendered":"","protected":false},"excerpt":{"rendered":"<p>Centrale de d\u00e9tection incendie 4 Zones, EN 54, Marque C-TEC<\/p>\n<p>Description<br \/>\n&#8211; Jusqu&rsquo;\u00e0 25 d\u00e9tecteurs par zone<br \/>\n&#8211; 4 Zones de d\u00e9tection<br \/>\n&#8211; Non extensible<br \/>\n&#8211; Possibilit\u00e9 de connexion de carte relais<\/p>\n","protected":false},"featured_media":20856,"comment_status":"open","ping_status":"closed","template":"","meta":[],"product_cat":[78],"product_tag":[],"class_list":{"0":"post-20855","1":"product","2":"type-product","3":"status-publish","4":"has-post-thumbnail","6":"product_cat-detection-automatique-dincendie","8":"first","9":"instock","10":"shipping-taxable","11":"product-type-simple"},"yoast_head":"<!-- This site is optimized with the Yoast SEO plugin v24.4 - https:\/\/yoast.com\/wordpress\/plugins\/seo\/ -->\n<title>Centrale de d\u00e9tection incendie - sozetrap<\/title>\n<meta name=\"robots\" content=\"index, follow, max-snippet:-1, max-image-preview:large, max-video-preview:-1\" \/>\n<link rel=\"canonical\" href=\"https:\/\/www.sozetrap.com\/index.php\/product\/centrale-de-detection-incendie\/\" \/>\n<meta property=\"og:locale\" content=\"fr_FR\" \/>\n<meta property=\"og:type\" content=\"article\" \/>\n<meta property=\"og:title\" content=\"Centrale de d\u00e9tection incendie - sozetrap\" \/>\n<meta property=\"og:description\" content=\"Centrale de d\u00e9tection incendie 4 Zones, EN 54, Marque C-TEC  Description - Jusqu&#039;\u00e0 25 d\u00e9tecteurs par zone - 4 Zones de d\u00e9tection - Non extensible - Possibilit\u00e9 de connexion de carte relais\" \/>\n<meta property=\"og:url\" content=\"https:\/\/www.sozetrap.com\/index.php\/product\/centrale-de-detection-incendie\/\" \/>\n<meta property=\"og:site_name\" content=\"sozetrap\" \/>\n<meta property=\"article:publisher\" content=\"https:\/\/www.facebook.com\/sozetrap.sozetrap.560\/\" \/>\n<meta property=\"og:image\" content=\"https:\/\/www.sozetrap.com\/wp-content\/uploads\/2024\/11\/central-incendie.jpeg\" \/>\n\t<meta property=\"og:image:width\" content=\"121\" \/>\n\t<meta property=\"og:image:height\" content=\"121\" \/>\n\t<meta property=\"og:image:type\" content=\"image\/jpeg\" \/>\n<meta name=\"twitter:card\" content=\"summary_large_image\" \/>\n<script type=\"application\/ld+json\" class=\"yoast-schema-graph\">{\"@context\":\"https:\/\/schema.org\",\"@graph\":[{\"@type\":\"WebPage\",\"@id\":\"https:\/\/www.sozetrap.com\/index.php\/product\/centrale-de-detection-incendie\/\",\"url\":\"https:\/\/www.sozetrap.com\/index.php\/product\/centrale-de-detection-incendie\/\",\"name\":\"Centrale de d\u00e9tection incendie - sozetrap\",\"isPartOf\":{\"@id\":\"https:\/\/www.sozetrap.com\/#website\"},\"primaryImageOfPage\":{\"@id\":\"https:\/\/www.sozetrap.com\/index.php\/product\/centrale-de-detection-incendie\/#primaryimage\"},\"image\":{\"@id\":\"https:\/\/www.sozetrap.com\/index.php\/product\/centrale-de-detection-incendie\/#primaryimage\"},\"thumbnailUrl\":\"https:\/\/www.sozetrap.com\/wp-content\/uploads\/2024\/11\/central-incendie.jpeg\",\"datePublished\":\"2024-11-02T13:01:24+00:00\",\"breadcrumb\":{\"@id\":\"https:\/\/www.sozetrap.com\/index.php\/product\/centrale-de-detection-incendie\/#breadcrumb\"},\"inLanguage\":\"fr-FR\",\"potentialAction\":[{\"@type\":\"ReadAction\",\"target\":[\"https:\/\/www.sozetrap.com\/index.php\/product\/centrale-de-detection-incendie\/\"]}]},{\"@type\":\"ImageObject\",\"inLanguage\":\"fr-FR\",\"@id\":\"https:\/\/www.sozetrap.com\/index.php\/product\/centrale-de-detection-incendie\/#primaryimage\",\"url\":\"https:\/\/www.sozetrap.com\/wp-content\/uploads\/2024\/11\/central-incendie.jpeg\",\"contentUrl\":\"https:\/\/www.sozetrap.com\/wp-content\/uploads\/2024\/11\/central-incendie.jpeg\",\"width\":121,\"height\":121},{\"@type\":\"BreadcrumbList\",\"@id\":\"https:\/\/www.sozetrap.com\/index.php\/product\/centrale-de-detection-incendie\/#breadcrumb\",\"itemListElement\":[{\"@type\":\"ListItem\",\"position\":1,\"name\":\"Accueil\",\"item\":\"https:\/\/www.sozetrap.com\/\"},{\"@type\":\"ListItem\",\"position\":2,\"name\":\"Produits\",\"item\":\"https:\/\/www.sozetrap.com\/index.php\/produits\/\"},{\"@type\":\"ListItem\",\"position\":3,\"name\":\"Centrale de d\u00e9tection incendie\"}]},{\"@type\":\"WebSite\",\"@id\":\"https:\/\/www.sozetrap.com\/#website\",\"url\":\"https:\/\/www.sozetrap.com\/\",\"name\":\"sozetrap\",\"description\":\"Travaillons ensemble pour votre s\u00e9curit\u00e9\",\"publisher\":{\"@id\":\"https:\/\/www.sozetrap.com\/#organization\"},\"potentialAction\":[{\"@type\":\"SearchAction\",\"target\":{\"@type\":\"EntryPoint\",\"urlTemplate\":\"https:\/\/www.sozetrap.com\/?s={search_term_string}\"},\"query-input\":{\"@type\":\"PropertyValueSpecification\",\"valueRequired\":true,\"valueName\":\"search_term_string\"}}],\"inLanguage\":\"fr-FR\"},{\"@type\":\"Organization\",\"@id\":\"https:\/\/www.sozetrap.com\/#organization\",\"name\":\"sozetrap\",\"url\":\"https:\/\/www.sozetrap.com\/\",\"logo\":{\"@type\":\"ImageObject\",\"inLanguage\":\"fr-FR\",\"@id\":\"https:\/\/www.sozetrap.com\/#\/schema\/logo\/image\/\",\"url\":\"http:\/\/www.sozetrap.com\/wp-content\/uploads\/2024\/05\/logo-papier-entete-2024.jpg\",\"contentUrl\":\"http:\/\/www.sozetrap.com\/wp-content\/uploads\/2024\/05\/logo-papier-entete-2024.jpg\",\"width\":316,\"height\":263,\"caption\":\"sozetrap\"},\"image\":{\"@id\":\"https:\/\/www.sozetrap.com\/#\/schema\/logo\/image\/\"},\"sameAs\":[\"https:\/\/www.facebook.com\/sozetrap.sozetrap.560\/\"]}]}<\/script>\n<!-- \/ Yoast SEO plugin. -->","yoast_head_json":{"title":"Centrale de d\u00e9tection incendie - sozetrap","robots":{"index":"index","follow":"follow","max-snippet":"max-snippet:-1","max-image-preview":"max-image-preview:large","max-video-preview":"max-video-preview:-1"},"canonical":"https:\/\/www.sozetrap.com\/index.php\/product\/centrale-de-detection-incendie\/","og_locale":"fr_FR","og_type":"article","og_title":"Centrale de d\u00e9tection incendie - sozetrap","og_description":"Centrale de d\u00e9tection incendie 4 Zones, EN 54, Marque C-TEC  Description - Jusqu'\u00e0 25 d\u00e9tecteurs par zone - 4 Zones de d\u00e9tection - Non extensible - Possibilit\u00e9 de connexion de carte relais","og_url":"https:\/\/www.sozetrap.com\/index.php\/product\/centrale-de-detection-incendie\/","og_site_name":"sozetrap","article_publisher":"https:\/\/www.facebook.com\/sozetrap.sozetrap.560\/","og_image":[{"width":121,"height":121,"url":"https:\/\/www.sozetrap.com\/wp-content\/uploads\/2024\/11\/central-incendie.jpeg","type":"image\/jpeg"}],"twitter_card":"summary_large_image","schema":{"@context":"https:\/\/schema.org","@graph":[{"@type":"WebPage","@id":"https:\/\/www.sozetrap.com\/index.php\/product\/centrale-de-detection-incendie\/","url":"https:\/\/www.sozetrap.com\/index.php\/product\/centrale-de-detection-incendie\/","name":"Centrale de d\u00e9tection incendie - sozetrap","isPartOf":{"@id":"https:\/\/www.sozetrap.com\/#website"},"primaryImageOfPage":{"@id":"https:\/\/www.sozetrap.com\/index.php\/product\/centrale-de-detection-incendie\/#primaryimage"},"image":{"@id":"https:\/\/www.sozetrap.com\/index.php\/product\/centrale-de-detection-incendie\/#primaryimage"},"thumbnailUrl":"https:\/\/www.sozetrap.com\/wp-content\/uploads\/2024\/11\/central-incendie.jpeg","datePublished":"2024-11-02T13:01:24+00:00","breadcrumb":{"@id":"https:\/\/www.sozetrap.com\/index.php\/product\/centrale-de-detection-incendie\/#breadcrumb"},"inLanguage":"fr-FR","potentialAction":[{"@type":"ReadAction","target":["https:\/\/www.sozetrap.com\/index.php\/product\/centrale-de-detection-incendie\/"]}]},{"@type":"ImageObject","inLanguage":"fr-FR","@id":"https:\/\/www.sozetrap.com\/index.php\/product\/centrale-de-detection-incendie\/#primaryimage","url":"https:\/\/www.sozetrap.com\/wp-content\/uploads\/2024\/11\/central-incendie.jpeg","contentUrl":"https:\/\/www.sozetrap.com\/wp-content\/uploads\/2024\/11\/central-incendie.jpeg","width":121,"height":121},{"@type":"BreadcrumbList","@id":"https:\/\/www.sozetrap.com\/index.php\/product\/centrale-de-detection-incendie\/#breadcrumb","itemListElement":[{"@type":"ListItem","position":1,"name":"Accueil","item":"https:\/\/www.sozetrap.com\/"},{"@type":"ListItem","position":2,"name":"Produits","item":"https:\/\/www.sozetrap.com\/index.php\/produits\/"},{"@type":"ListItem","position":3,"name":"Centrale de d\u00e9tection incendie"}]},{"@type":"WebSite","@id":"https:\/\/www.sozetrap.com\/#website","url":"https:\/\/www.sozetrap.com\/","name":"sozetrap","description":"Travaillons ensemble pour votre s\u00e9curit\u00e9","publisher":{"@id":"https:\/\/www.sozetrap.com\/#organization"},"potentialAction":[{"@type":"SearchAction","target":{"@type":"EntryPoint","urlTemplate":"https:\/\/www.sozetrap.com\/?s={search_term_string}"},"query-input":{"@type":"PropertyValueSpecification","valueRequired":true,"valueName":"search_term_string"}}],"inLanguage":"fr-FR"},{"@type":"Organization","@id":"https:\/\/www.sozetrap.com\/#organization","name":"sozetrap","url":"https:\/\/www.sozetrap.com\/","logo":{"@type":"ImageObject","inLanguage":"fr-FR","@id":"https:\/\/www.sozetrap.com\/#\/schema\/logo\/image\/","url":"http:\/\/www.sozetrap.com\/wp-content\/uploads\/2024\/05\/logo-papier-entete-2024.jpg","contentUrl":"http:\/\/www.sozetrap.com\/wp-content\/uploads\/2024\/05\/logo-papier-entete-2024.jpg","width":316,"height":263,"caption":"sozetrap"},"image":{"@id":"https:\/\/www.sozetrap.com\/#\/schema\/logo\/image\/"},"sameAs":["https:\/\/www.facebook.com\/sozetrap.sozetrap.560\/"]}]}},"jetpack_sharing_enabled":true,"_links":{"self":[{"href":"https:\/\/www.sozetrap.com\/index.php\/wp-json\/wp\/v2\/product\/20855","targetHints":{"allow":["GET"]}}],"collection":[{"href":"https:\/\/www.sozetrap.com\/index.php\/wp-json\/wp\/v2\/product"}],"about":[{"href":"https:\/\/www.sozetrap.com\/index.php\/wp-json\/wp\/v2\/types\/product"}],"replies":[{"embeddable":true,"href":"https:\/\/www.sozetrap.com\/index.php\/wp-json\/wp\/v2\/comments?post=20855"}],"wp:featuredmedia":[{"embeddable":true,"href":"https:\/\/www.sozetrap.com\/index.php\/wp-json\/wp\/v2\/media\/20856"}],"wp:attachment":[{"href":"https:\/\/www.sozetrap.com\/index.php\/wp-json\/wp\/v2\/media?parent=20855"}],"wp:term":[{"taxonomy":"product_cat","embeddable":true,"href":"https:\/\/www.sozetrap.com\/index.php\/wp-json\/wp\/v2\/product_cat?post=20855"},{"taxonomy":"product_tag","embeddable":true,"href":"https:\/\/www.sozetrap.com\/index.php\/wp-json\/wp\/v2\/product_tag?post=20855"}],"curies":[{"name":"wp","href":"https:\/\/api.w.org\/{rel}","templated":true}]}}