{"id":20862,"date":"2024-11-02T14:24:47","date_gmt":"2024-11-02T13:24:47","guid":{"rendered":"https:\/\/www.sozetrap.com\/?post_type=product&#038;p=20862"},"modified":"2025-02-24T16:04:03","modified_gmt":"2025-02-24T15:04:03","slug":"detecteur-205","status":"publish","type":"product","link":"https:\/\/www.sozetrap.com\/index.php\/product\/detecteur-205\/","title":{"rendered":"D\u00e9tecteur 205"},"content":{"rendered":"","protected":false},"excerpt":{"rendered":"<p>Le d\u00e9tecteur de fum\u00e9e est \u00e9quip\u00e9 d&rsquo;une batterie longue dur\u00e9e qui fonctionne jusqu&rsquo;\u00e0 5 ans. Lorsqu&rsquo;il d\u00e9tecte de la fum\u00e9e, il active imm\u00e9diatement une sir\u00e8ne int\u00e9gr\u00e9e et envoie un signal au syst\u00e8me. Cela d\u00e9clenche la sir\u00e8ne du syst\u00e8me, envoie des notifications sur votre t\u00e9l\u00e9phone portable et\/ou alerte la station de surveillance.<\/p>\n","protected":false},"featured_media":20863,"comment_status":"closed","ping_status":"closed","template":"","meta":[],"product_cat":[78],"product_tag":[],"class_list":{"0":"post-20862","1":"product","2":"type-product","3":"status-publish","4":"has-post-thumbnail","6":"product_cat-detection-automatique-dincendie","8":"first","9":"instock","10":"shipping-taxable","11":"product-type-simple"},"yoast_head":"<!-- This site is optimized with the Yoast SEO plugin v24.4 - https:\/\/yoast.com\/wordpress\/plugins\/seo\/ -->\n<title>D\u00e9tecteur 205 - sozetrap<\/title>\n<meta name=\"robots\" content=\"index, follow, max-snippet:-1, max-image-preview:large, max-video-preview:-1\" \/>\n<link rel=\"canonical\" href=\"https:\/\/www.sozetrap.com\/index.php\/product\/detecteur-205\/\" \/>\n<meta property=\"og:locale\" content=\"fr_FR\" \/>\n<meta property=\"og:type\" content=\"article\" \/>\n<meta property=\"og:title\" content=\"D\u00e9tecteur 205 - sozetrap\" \/>\n<meta property=\"og:description\" content=\"Le d\u00e9tecteur de fum\u00e9e est \u00e9quip\u00e9 d&#039;une batterie longue dur\u00e9e qui fonctionne jusqu&#039;\u00e0 5 ans. Lorsqu&#039;il d\u00e9tecte de la fum\u00e9e, il active imm\u00e9diatement une sir\u00e8ne int\u00e9gr\u00e9e et envoie un signal au syst\u00e8me. Cela d\u00e9clenche la sir\u00e8ne du syst\u00e8me, envoie des notifications sur votre t\u00e9l\u00e9phone portable et\/ou alerte la station de surveillance.\" \/>\n<meta property=\"og:url\" content=\"https:\/\/www.sozetrap.com\/index.php\/product\/detecteur-205\/\" \/>\n<meta property=\"og:site_name\" content=\"sozetrap\" \/>\n<meta property=\"article:publisher\" content=\"https:\/\/www.facebook.com\/sozetrap.sozetrap.560\/\" \/>\n<meta property=\"article:modified_time\" content=\"2025-02-24T15:04:03+00:00\" \/>\n<meta property=\"og:image\" content=\"https:\/\/www.sozetrap.com\/wp-content\/uploads\/2024\/11\/detecteur-205.jpg\" \/>\n\t<meta property=\"og:image:width\" content=\"375\" \/>\n\t<meta property=\"og:image:height\" content=\"240\" \/>\n\t<meta property=\"og:image:type\" content=\"image\/jpeg\" \/>\n<meta name=\"twitter:card\" content=\"summary_large_image\" \/>\n<meta name=\"twitter:label1\" content=\"Dur\u00e9e de lecture estim\u00e9e\" \/>\n\t<meta name=\"twitter:data1\" content=\"1 minute\" \/>\n<script type=\"application\/ld+json\" class=\"yoast-schema-graph\">{\"@context\":\"https:\/\/schema.org\",\"@graph\":[{\"@type\":\"WebPage\",\"@id\":\"https:\/\/www.sozetrap.com\/index.php\/product\/detecteur-205\/\",\"url\":\"https:\/\/www.sozetrap.com\/index.php\/product\/detecteur-205\/\",\"name\":\"D\u00e9tecteur 205 - sozetrap\",\"isPartOf\":{\"@id\":\"https:\/\/www.sozetrap.com\/#website\"},\"primaryImageOfPage\":{\"@id\":\"https:\/\/www.sozetrap.com\/index.php\/product\/detecteur-205\/#primaryimage\"},\"image\":{\"@id\":\"https:\/\/www.sozetrap.com\/index.php\/product\/detecteur-205\/#primaryimage\"},\"thumbnailUrl\":\"https:\/\/www.sozetrap.com\/wp-content\/uploads\/2024\/11\/detecteur-205.jpg\",\"datePublished\":\"2024-11-02T13:24:47+00:00\",\"dateModified\":\"2025-02-24T15:04:03+00:00\",\"breadcrumb\":{\"@id\":\"https:\/\/www.sozetrap.com\/index.php\/product\/detecteur-205\/#breadcrumb\"},\"inLanguage\":\"fr-FR\",\"potentialAction\":[{\"@type\":\"ReadAction\",\"target\":[\"https:\/\/www.sozetrap.com\/index.php\/product\/detecteur-205\/\"]}]},{\"@type\":\"ImageObject\",\"inLanguage\":\"fr-FR\",\"@id\":\"https:\/\/www.sozetrap.com\/index.php\/product\/detecteur-205\/#primaryimage\",\"url\":\"https:\/\/www.sozetrap.com\/wp-content\/uploads\/2024\/11\/detecteur-205.jpg\",\"contentUrl\":\"https:\/\/www.sozetrap.com\/wp-content\/uploads\/2024\/11\/detecteur-205.jpg\",\"width\":375,\"height\":240},{\"@type\":\"BreadcrumbList\",\"@id\":\"https:\/\/www.sozetrap.com\/index.php\/product\/detecteur-205\/#breadcrumb\",\"itemListElement\":[{\"@type\":\"ListItem\",\"position\":1,\"name\":\"Accueil\",\"item\":\"https:\/\/www.sozetrap.com\/\"},{\"@type\":\"ListItem\",\"position\":2,\"name\":\"Produits\",\"item\":\"http:\/\/www.sozetrap.com\/index.php\/produits\/\"},{\"@type\":\"ListItem\",\"position\":3,\"name\":\"D\u00e9tecteur 205\"}]},{\"@type\":\"WebSite\",\"@id\":\"https:\/\/www.sozetrap.com\/#website\",\"url\":\"https:\/\/www.sozetrap.com\/\",\"name\":\"sozetrap\",\"description\":\"Travaillons ensemble pour votre s\u00e9curit\u00e9\",\"publisher\":{\"@id\":\"https:\/\/www.sozetrap.com\/#organization\"},\"potentialAction\":[{\"@type\":\"SearchAction\",\"target\":{\"@type\":\"EntryPoint\",\"urlTemplate\":\"https:\/\/www.sozetrap.com\/?s={search_term_string}\"},\"query-input\":{\"@type\":\"PropertyValueSpecification\",\"valueRequired\":true,\"valueName\":\"search_term_string\"}}],\"inLanguage\":\"fr-FR\"},{\"@type\":\"Organization\",\"@id\":\"https:\/\/www.sozetrap.com\/#organization\",\"name\":\"sozetrap\",\"url\":\"https:\/\/www.sozetrap.com\/\",\"logo\":{\"@type\":\"ImageObject\",\"inLanguage\":\"fr-FR\",\"@id\":\"https:\/\/www.sozetrap.com\/#\/schema\/logo\/image\/\",\"url\":\"http:\/\/www.sozetrap.com\/wp-content\/uploads\/2024\/05\/logo-papier-entete-2024.jpg\",\"contentUrl\":\"http:\/\/www.sozetrap.com\/wp-content\/uploads\/2024\/05\/logo-papier-entete-2024.jpg\",\"width\":316,\"height\":263,\"caption\":\"sozetrap\"},\"image\":{\"@id\":\"https:\/\/www.sozetrap.com\/#\/schema\/logo\/image\/\"},\"sameAs\":[\"https:\/\/www.facebook.com\/sozetrap.sozetrap.560\/\"]}]}<\/script>\n<!-- \/ Yoast SEO plugin. -->","yoast_head_json":{"title":"D\u00e9tecteur 205 - sozetrap","robots":{"index":"index","follow":"follow","max-snippet":"max-snippet:-1","max-image-preview":"max-image-preview:large","max-video-preview":"max-video-preview:-1"},"canonical":"https:\/\/www.sozetrap.com\/index.php\/product\/detecteur-205\/","og_locale":"fr_FR","og_type":"article","og_title":"D\u00e9tecteur 205 - sozetrap","og_description":"Le d\u00e9tecteur de fum\u00e9e est \u00e9quip\u00e9 d'une batterie longue dur\u00e9e qui fonctionne jusqu'\u00e0 5 ans. Lorsqu'il d\u00e9tecte de la fum\u00e9e, il active imm\u00e9diatement une sir\u00e8ne int\u00e9gr\u00e9e et envoie un signal au syst\u00e8me. Cela d\u00e9clenche la sir\u00e8ne du syst\u00e8me, envoie des notifications sur votre t\u00e9l\u00e9phone portable et\/ou alerte la station de surveillance.","og_url":"https:\/\/www.sozetrap.com\/index.php\/product\/detecteur-205\/","og_site_name":"sozetrap","article_publisher":"https:\/\/www.facebook.com\/sozetrap.sozetrap.560\/","article_modified_time":"2025-02-24T15:04:03+00:00","og_image":[{"width":375,"height":240,"url":"https:\/\/www.sozetrap.com\/wp-content\/uploads\/2024\/11\/detecteur-205.jpg","type":"image\/jpeg"}],"twitter_card":"summary_large_image","twitter_misc":{"Dur\u00e9e de lecture estim\u00e9e":"1 minute"},"schema":{"@context":"https:\/\/schema.org","@graph":[{"@type":"WebPage","@id":"https:\/\/www.sozetrap.com\/index.php\/product\/detecteur-205\/","url":"https:\/\/www.sozetrap.com\/index.php\/product\/detecteur-205\/","name":"D\u00e9tecteur 205 - sozetrap","isPartOf":{"@id":"https:\/\/www.sozetrap.com\/#website"},"primaryImageOfPage":{"@id":"https:\/\/www.sozetrap.com\/index.php\/product\/detecteur-205\/#primaryimage"},"image":{"@id":"https:\/\/www.sozetrap.com\/index.php\/product\/detecteur-205\/#primaryimage"},"thumbnailUrl":"https:\/\/www.sozetrap.com\/wp-content\/uploads\/2024\/11\/detecteur-205.jpg","datePublished":"2024-11-02T13:24:47+00:00","dateModified":"2025-02-24T15:04:03+00:00","breadcrumb":{"@id":"https:\/\/www.sozetrap.com\/index.php\/product\/detecteur-205\/#breadcrumb"},"inLanguage":"fr-FR","potentialAction":[{"@type":"ReadAction","target":["https:\/\/www.sozetrap.com\/index.php\/product\/detecteur-205\/"]}]},{"@type":"ImageObject","inLanguage":"fr-FR","@id":"https:\/\/www.sozetrap.com\/index.php\/product\/detecteur-205\/#primaryimage","url":"https:\/\/www.sozetrap.com\/wp-content\/uploads\/2024\/11\/detecteur-205.jpg","contentUrl":"https:\/\/www.sozetrap.com\/wp-content\/uploads\/2024\/11\/detecteur-205.jpg","width":375,"height":240},{"@type":"BreadcrumbList","@id":"https:\/\/www.sozetrap.com\/index.php\/product\/detecteur-205\/#breadcrumb","itemListElement":[{"@type":"ListItem","position":1,"name":"Accueil","item":"https:\/\/www.sozetrap.com\/"},{"@type":"ListItem","position":2,"name":"Produits","item":"http:\/\/www.sozetrap.com\/index.php\/produits\/"},{"@type":"ListItem","position":3,"name":"D\u00e9tecteur 205"}]},{"@type":"WebSite","@id":"https:\/\/www.sozetrap.com\/#website","url":"https:\/\/www.sozetrap.com\/","name":"sozetrap","description":"Travaillons ensemble pour votre s\u00e9curit\u00e9","publisher":{"@id":"https:\/\/www.sozetrap.com\/#organization"},"potentialAction":[{"@type":"SearchAction","target":{"@type":"EntryPoint","urlTemplate":"https:\/\/www.sozetrap.com\/?s={search_term_string}"},"query-input":{"@type":"PropertyValueSpecification","valueRequired":true,"valueName":"search_term_string"}}],"inLanguage":"fr-FR"},{"@type":"Organization","@id":"https:\/\/www.sozetrap.com\/#organization","name":"sozetrap","url":"https:\/\/www.sozetrap.com\/","logo":{"@type":"ImageObject","inLanguage":"fr-FR","@id":"https:\/\/www.sozetrap.com\/#\/schema\/logo\/image\/","url":"http:\/\/www.sozetrap.com\/wp-content\/uploads\/2024\/05\/logo-papier-entete-2024.jpg","contentUrl":"http:\/\/www.sozetrap.com\/wp-content\/uploads\/2024\/05\/logo-papier-entete-2024.jpg","width":316,"height":263,"caption":"sozetrap"},"image":{"@id":"https:\/\/www.sozetrap.com\/#\/schema\/logo\/image\/"},"sameAs":["https:\/\/www.facebook.com\/sozetrap.sozetrap.560\/"]}]}},"jetpack_sharing_enabled":true,"_links":{"self":[{"href":"https:\/\/www.sozetrap.com\/index.php\/wp-json\/wp\/v2\/product\/20862","targetHints":{"allow":["GET"]}}],"collection":[{"href":"https:\/\/www.sozetrap.com\/index.php\/wp-json\/wp\/v2\/product"}],"about":[{"href":"https:\/\/www.sozetrap.com\/index.php\/wp-json\/wp\/v2\/types\/product"}],"replies":[{"embeddable":true,"href":"https:\/\/www.sozetrap.com\/index.php\/wp-json\/wp\/v2\/comments?post=20862"}],"wp:featuredmedia":[{"embeddable":true,"href":"https:\/\/www.sozetrap.com\/index.php\/wp-json\/wp\/v2\/media\/20863"}],"wp:attachment":[{"href":"https:\/\/www.sozetrap.com\/index.php\/wp-json\/wp\/v2\/media?parent=20862"}],"wp:term":[{"taxonomy":"product_cat","embeddable":true,"href":"https:\/\/www.sozetrap.com\/index.php\/wp-json\/wp\/v2\/product_cat?post=20862"},{"taxonomy":"product_tag","embeddable":true,"href":"https:\/\/www.sozetrap.com\/index.php\/wp-json\/wp\/v2\/product_tag?post=20862"}],"curies":[{"name":"wp","href":"https:\/\/api.w.org\/{rel}","templated":true}]}}