{"id":21526,"date":"2025-05-14T15:04:51","date_gmt":"2025-05-14T14:04:51","guid":{"rendered":"https:\/\/www.sozetrap.com\/?post_type=product&#038;p=21526"},"modified":"2025-05-14T16:10:35","modified_gmt":"2025-05-14T15:10:35","slug":"kit-dalarme-hikvision-ax-pro","status":"publish","type":"product","link":"https:\/\/www.sozetrap.com\/index.php\/product\/kit-dalarme-hikvision-ax-pro\/","title":{"rendered":"kit d\u2019alarme Hikvision AX PRO"},"content":{"rendered":"","protected":false},"excerpt":{"rendered":"<p>kit alarme sans fil Hikvision 64 zones ,4G , wifi , ip<br \/>\n1 centrale d\u2019alarme AX PRO mod\u00e8le DS-PWA64-L-WE<br \/>\n1 sir\u00e8ne ext\u00e9rieur AX PRO DS-PS1-E-WE\/Red<br \/>\n1 d\u00e9tecteur d\u2019ouverture DS-PDMC-EG2-WE,<br \/>\n1 t\u00e9l\u00e9commande 4 boutons DS-PKF1-WE<br \/>\n1 d\u00e9tecteur de mouvement DS-PDP15P-EG2-WE<\/p>\n","protected":false},"featured_media":21528,"comment_status":"closed","ping_status":"closed","template":"..\/public\/views\/revslider-page-template.php","meta":[],"product_cat":[77],"product_tag":[],"class_list":{"0":"post-21526","1":"product","2":"type-product","3":"status-publish","4":"has-post-thumbnail","6":"product_cat-alarme-intrusion","8":"first","9":"instock","10":"sale","11":"shipping-taxable","12":"purchasable","13":"product-type-simple"},"yoast_head":"<!-- This site is optimized with the Yoast SEO plugin v24.4 - https:\/\/yoast.com\/wordpress\/plugins\/seo\/ -->\n<title>kit d\u2019alarme Hikvision AX PRO - sozetrap<\/title>\n<meta name=\"robots\" content=\"index, follow, max-snippet:-1, max-image-preview:large, max-video-preview:-1\" \/>\n<link rel=\"canonical\" href=\"http:\/\/www.sozetrap.com\/index.php\/product\/kit-dalarme-hikvision-ax-pro\/\" \/>\n<meta property=\"og:locale\" content=\"fr_FR\" \/>\n<meta property=\"og:type\" content=\"article\" \/>\n<meta property=\"og:title\" content=\"kit d\u2019alarme Hikvision AX PRO - sozetrap\" \/>\n<meta property=\"og:description\" content=\"kit alarme sans fil Hikvision 64 zones ,4G , wifi , ip 1 centrale d\u2019alarme AX PRO mod\u00e8le DS-PWA64-L-WE 1 sir\u00e8ne ext\u00e9rieur AX PRO DS-PS1-E-WE\/Red 1 d\u00e9tecteur d\u2019ouverture DS-PDMC-EG2-WE, 1 t\u00e9l\u00e9commande 4 boutons DS-PKF1-WE 1 d\u00e9tecteur de mouvement DS-PDP15P-EG2-WE\" \/>\n<meta property=\"og:url\" content=\"http:\/\/www.sozetrap.com\/index.php\/product\/kit-dalarme-hikvision-ax-pro\/\" \/>\n<meta property=\"og:site_name\" content=\"sozetrap\" \/>\n<meta property=\"article:publisher\" content=\"https:\/\/www.facebook.com\/sozetrap.sozetrap.560\/\" \/>\n<meta property=\"article:modified_time\" content=\"2025-05-14T15:10:35+00:00\" \/>\n<meta property=\"og:image\" content=\"http:\/\/www.sozetrap.com\/wp-content\/uploads\/2025\/05\/kit-alarme-hikvision-1.jpg\" \/>\n\t<meta property=\"og:image:width\" content=\"225\" \/>\n\t<meta property=\"og:image:height\" content=\"225\" \/>\n\t<meta property=\"og:image:type\" content=\"image\/jpeg\" \/>\n<meta name=\"twitter:card\" content=\"summary_large_image\" \/>\n<meta name=\"twitter:label1\" content=\"Dur\u00e9e de lecture estim\u00e9e\" \/>\n\t<meta name=\"twitter:data1\" content=\"1 minute\" \/>\n<script type=\"application\/ld+json\" class=\"yoast-schema-graph\">{\"@context\":\"https:\/\/schema.org\",\"@graph\":[{\"@type\":\"WebPage\",\"@id\":\"http:\/\/www.sozetrap.com\/index.php\/product\/kit-dalarme-hikvision-ax-pro\/\",\"url\":\"http:\/\/www.sozetrap.com\/index.php\/product\/kit-dalarme-hikvision-ax-pro\/\",\"name\":\"kit d\u2019alarme Hikvision AX PRO - sozetrap\",\"isPartOf\":{\"@id\":\"https:\/\/www.sozetrap.com\/#website\"},\"primaryImageOfPage\":{\"@id\":\"http:\/\/www.sozetrap.com\/index.php\/product\/kit-dalarme-hikvision-ax-pro\/#primaryimage\"},\"image\":{\"@id\":\"http:\/\/www.sozetrap.com\/index.php\/product\/kit-dalarme-hikvision-ax-pro\/#primaryimage\"},\"thumbnailUrl\":\"https:\/\/www.sozetrap.com\/wp-content\/uploads\/2025\/05\/kit-alarme-hikvision-1.jpg\",\"datePublished\":\"2025-05-14T14:04:51+00:00\",\"dateModified\":\"2025-05-14T15:10:35+00:00\",\"breadcrumb\":{\"@id\":\"http:\/\/www.sozetrap.com\/index.php\/product\/kit-dalarme-hikvision-ax-pro\/#breadcrumb\"},\"inLanguage\":\"fr-FR\",\"potentialAction\":[{\"@type\":\"ReadAction\",\"target\":[\"http:\/\/www.sozetrap.com\/index.php\/product\/kit-dalarme-hikvision-ax-pro\/\"]}]},{\"@type\":\"ImageObject\",\"inLanguage\":\"fr-FR\",\"@id\":\"http:\/\/www.sozetrap.com\/index.php\/product\/kit-dalarme-hikvision-ax-pro\/#primaryimage\",\"url\":\"https:\/\/www.sozetrap.com\/wp-content\/uploads\/2025\/05\/kit-alarme-hikvision-1.jpg\",\"contentUrl\":\"https:\/\/www.sozetrap.com\/wp-content\/uploads\/2025\/05\/kit-alarme-hikvision-1.jpg\",\"width\":225,\"height\":225},{\"@type\":\"BreadcrumbList\",\"@id\":\"http:\/\/www.sozetrap.com\/index.php\/product\/kit-dalarme-hikvision-ax-pro\/#breadcrumb\",\"itemListElement\":[{\"@type\":\"ListItem\",\"position\":1,\"name\":\"Accueil\",\"item\":\"https:\/\/www.sozetrap.com\/\"},{\"@type\":\"ListItem\",\"position\":2,\"name\":\"Produits\",\"item\":\"https:\/\/www.sozetrap.com\/index.php\/produits\/\"},{\"@type\":\"ListItem\",\"position\":3,\"name\":\"kit d\u2019alarme Hikvision AX PRO\"}]},{\"@type\":\"WebSite\",\"@id\":\"https:\/\/www.sozetrap.com\/#website\",\"url\":\"https:\/\/www.sozetrap.com\/\",\"name\":\"sozetrap\",\"description\":\"Travaillons ensemble pour votre s\u00e9curit\u00e9\",\"publisher\":{\"@id\":\"https:\/\/www.sozetrap.com\/#organization\"},\"potentialAction\":[{\"@type\":\"SearchAction\",\"target\":{\"@type\":\"EntryPoint\",\"urlTemplate\":\"https:\/\/www.sozetrap.com\/?s={search_term_string}\"},\"query-input\":{\"@type\":\"PropertyValueSpecification\",\"valueRequired\":true,\"valueName\":\"search_term_string\"}}],\"inLanguage\":\"fr-FR\"},{\"@type\":\"Organization\",\"@id\":\"https:\/\/www.sozetrap.com\/#organization\",\"name\":\"sozetrap\",\"url\":\"https:\/\/www.sozetrap.com\/\",\"logo\":{\"@type\":\"ImageObject\",\"inLanguage\":\"fr-FR\",\"@id\":\"https:\/\/www.sozetrap.com\/#\/schema\/logo\/image\/\",\"url\":\"http:\/\/www.sozetrap.com\/wp-content\/uploads\/2024\/05\/logo-papier-entete-2024.jpg\",\"contentUrl\":\"http:\/\/www.sozetrap.com\/wp-content\/uploads\/2024\/05\/logo-papier-entete-2024.jpg\",\"width\":316,\"height\":263,\"caption\":\"sozetrap\"},\"image\":{\"@id\":\"https:\/\/www.sozetrap.com\/#\/schema\/logo\/image\/\"},\"sameAs\":[\"https:\/\/www.facebook.com\/sozetrap.sozetrap.560\/\"]}]}<\/script>\n<!-- \/ Yoast SEO plugin. -->","yoast_head_json":{"title":"kit d\u2019alarme Hikvision AX PRO - sozetrap","robots":{"index":"index","follow":"follow","max-snippet":"max-snippet:-1","max-image-preview":"max-image-preview:large","max-video-preview":"max-video-preview:-1"},"canonical":"http:\/\/www.sozetrap.com\/index.php\/product\/kit-dalarme-hikvision-ax-pro\/","og_locale":"fr_FR","og_type":"article","og_title":"kit d\u2019alarme Hikvision AX PRO - sozetrap","og_description":"kit alarme sans fil Hikvision 64 zones ,4G , wifi , ip 1 centrale d\u2019alarme AX PRO mod\u00e8le DS-PWA64-L-WE 1 sir\u00e8ne ext\u00e9rieur AX PRO DS-PS1-E-WE\/Red 1 d\u00e9tecteur d\u2019ouverture DS-PDMC-EG2-WE, 1 t\u00e9l\u00e9commande 4 boutons DS-PKF1-WE 1 d\u00e9tecteur de mouvement DS-PDP15P-EG2-WE","og_url":"http:\/\/www.sozetrap.com\/index.php\/product\/kit-dalarme-hikvision-ax-pro\/","og_site_name":"sozetrap","article_publisher":"https:\/\/www.facebook.com\/sozetrap.sozetrap.560\/","article_modified_time":"2025-05-14T15:10:35+00:00","og_image":[{"width":225,"height":225,"url":"http:\/\/www.sozetrap.com\/wp-content\/uploads\/2025\/05\/kit-alarme-hikvision-1.jpg","type":"image\/jpeg"}],"twitter_card":"summary_large_image","twitter_misc":{"Dur\u00e9e de lecture estim\u00e9e":"1 minute"},"schema":{"@context":"https:\/\/schema.org","@graph":[{"@type":"WebPage","@id":"http:\/\/www.sozetrap.com\/index.php\/product\/kit-dalarme-hikvision-ax-pro\/","url":"http:\/\/www.sozetrap.com\/index.php\/product\/kit-dalarme-hikvision-ax-pro\/","name":"kit d\u2019alarme Hikvision AX PRO - sozetrap","isPartOf":{"@id":"https:\/\/www.sozetrap.com\/#website"},"primaryImageOfPage":{"@id":"http:\/\/www.sozetrap.com\/index.php\/product\/kit-dalarme-hikvision-ax-pro\/#primaryimage"},"image":{"@id":"http:\/\/www.sozetrap.com\/index.php\/product\/kit-dalarme-hikvision-ax-pro\/#primaryimage"},"thumbnailUrl":"https:\/\/www.sozetrap.com\/wp-content\/uploads\/2025\/05\/kit-alarme-hikvision-1.jpg","datePublished":"2025-05-14T14:04:51+00:00","dateModified":"2025-05-14T15:10:35+00:00","breadcrumb":{"@id":"http:\/\/www.sozetrap.com\/index.php\/product\/kit-dalarme-hikvision-ax-pro\/#breadcrumb"},"inLanguage":"fr-FR","potentialAction":[{"@type":"ReadAction","target":["http:\/\/www.sozetrap.com\/index.php\/product\/kit-dalarme-hikvision-ax-pro\/"]}]},{"@type":"ImageObject","inLanguage":"fr-FR","@id":"http:\/\/www.sozetrap.com\/index.php\/product\/kit-dalarme-hikvision-ax-pro\/#primaryimage","url":"https:\/\/www.sozetrap.com\/wp-content\/uploads\/2025\/05\/kit-alarme-hikvision-1.jpg","contentUrl":"https:\/\/www.sozetrap.com\/wp-content\/uploads\/2025\/05\/kit-alarme-hikvision-1.jpg","width":225,"height":225},{"@type":"BreadcrumbList","@id":"http:\/\/www.sozetrap.com\/index.php\/product\/kit-dalarme-hikvision-ax-pro\/#breadcrumb","itemListElement":[{"@type":"ListItem","position":1,"name":"Accueil","item":"https:\/\/www.sozetrap.com\/"},{"@type":"ListItem","position":2,"name":"Produits","item":"https:\/\/www.sozetrap.com\/index.php\/produits\/"},{"@type":"ListItem","position":3,"name":"kit d\u2019alarme Hikvision AX PRO"}]},{"@type":"WebSite","@id":"https:\/\/www.sozetrap.com\/#website","url":"https:\/\/www.sozetrap.com\/","name":"sozetrap","description":"Travaillons ensemble pour votre s\u00e9curit\u00e9","publisher":{"@id":"https:\/\/www.sozetrap.com\/#organization"},"potentialAction":[{"@type":"SearchAction","target":{"@type":"EntryPoint","urlTemplate":"https:\/\/www.sozetrap.com\/?s={search_term_string}"},"query-input":{"@type":"PropertyValueSpecification","valueRequired":true,"valueName":"search_term_string"}}],"inLanguage":"fr-FR"},{"@type":"Organization","@id":"https:\/\/www.sozetrap.com\/#organization","name":"sozetrap","url":"https:\/\/www.sozetrap.com\/","logo":{"@type":"ImageObject","inLanguage":"fr-FR","@id":"https:\/\/www.sozetrap.com\/#\/schema\/logo\/image\/","url":"http:\/\/www.sozetrap.com\/wp-content\/uploads\/2024\/05\/logo-papier-entete-2024.jpg","contentUrl":"http:\/\/www.sozetrap.com\/wp-content\/uploads\/2024\/05\/logo-papier-entete-2024.jpg","width":316,"height":263,"caption":"sozetrap"},"image":{"@id":"https:\/\/www.sozetrap.com\/#\/schema\/logo\/image\/"},"sameAs":["https:\/\/www.facebook.com\/sozetrap.sozetrap.560\/"]}]}},"jetpack_sharing_enabled":true,"_links":{"self":[{"href":"https:\/\/www.sozetrap.com\/index.php\/wp-json\/wp\/v2\/product\/21526","targetHints":{"allow":["GET"]}}],"collection":[{"href":"https:\/\/www.sozetrap.com\/index.php\/wp-json\/wp\/v2\/product"}],"about":[{"href":"https:\/\/www.sozetrap.com\/index.php\/wp-json\/wp\/v2\/types\/product"}],"replies":[{"embeddable":true,"href":"https:\/\/www.sozetrap.com\/index.php\/wp-json\/wp\/v2\/comments?post=21526"}],"wp:featuredmedia":[{"embeddable":true,"href":"https:\/\/www.sozetrap.com\/index.php\/wp-json\/wp\/v2\/media\/21528"}],"wp:attachment":[{"href":"https:\/\/www.sozetrap.com\/index.php\/wp-json\/wp\/v2\/media?parent=21526"}],"wp:term":[{"taxonomy":"product_cat","embeddable":true,"href":"https:\/\/www.sozetrap.com\/index.php\/wp-json\/wp\/v2\/product_cat?post=21526"},{"taxonomy":"product_tag","embeddable":true,"href":"https:\/\/www.sozetrap.com\/index.php\/wp-json\/wp\/v2\/product_tag?post=21526"}],"curies":[{"name":"wp","href":"https:\/\/api.w.org\/{rel}","templated":true}]}}